{"id":16,"date":"2022-05-12T12:05:31","date_gmt":"2022-05-12T12:05:31","guid":{"rendered":"https:\/\/arcticensemble.com\/?page_id=16"},"modified":"2026-04-14T11:26:28","modified_gmt":"2026-04-14T08:26:28","slug":"kickstart","status":"publish","type":"page","link":"https:\/\/arcticensemble.com\/fi\/kickstart\/","title":{"rendered":"Ajol\u00e4ht\u00f6"},"content":{"rendered":"<div class=\"et_pb_section_0 et_pb_section et_section_regular et_block_section\">\n<div class=\"et_pb_row_0 et_pb_row et_block_row\">\n<div class=\"et_pb_column_0 et_pb_column et_pb_column_4_4 et-last-child et_block_column et_pb_css_mix_blend_mode_passthrough\">\n<div class=\"et_pb_text_0 et_pb_text et_pb_bg_layout_dark et_pb_module et_block_module preset--module--divi-text--default\"><div class=\"et_pb_text_inner\"><h1><strong>Ajol\u00e4ht\u00f6<\/strong><\/h1>\n<\/div><\/div>\n<\/div>\n<\/div>\n<\/div>\n\n<div class=\"et_pb_section_1 et_pb_section et_section_regular et_block_section\">\n<div class=\"et_pb_row_1 et_pb_row et_block_row\">\n<div class=\"et_pb_column_1 et_pb_column et_pb_column_4_4 et-last-child et_block_column et_pb_css_mix_blend_mode_passthrough\">\n<div class=\"et_pb_code_0 et_pb_code et_pb_module\"><div class=\"et_pb_code_inner\"><iframe loading=\"lazy\" width=\"560\" height=\"315\" src=\"https:\/\/www.youtube.com\/embed\/3lLqgSxXATM?si=v0MriOeR1AOHRAxe&autoplay=1&mute=1&loop=1\" title=\"YouTube video player\" frameborder=\"0\" allow=\"accelerometer; autoplay; clipboard-write; encrypted-media; gyroscope; picture-in-picture; web-share\" referrerpolicy=\"strict-origin-when-cross-origin\" allowfullscreen><\/iframe><\/div><\/div>\n<\/div>\n<\/div>\n<\/div>\n\n<div class=\"et_pb_section_2 et_pb_section et_section_regular et_block_section\">\n<div class=\"et_pb_row_2 et_pb_row et_block_row\">\n<div class=\"et_pb_column_2 et_pb_column et_pb_column_4_4 et-last-child et_block_column et_pb_css_mix_blend_mode_passthrough\">\n<div class=\"et_pb_text_1 et_pb_text et_pb_bg_layout_dark et_pb_module et_block_module preset--module--divi-text--default\"><div class=\"et_pb_text_inner\"><h2><strong>Kes\u00e4seikkailu menee pieleen<\/strong><\/h2>\n<\/div><\/div>\n<\/div>\n<\/div>\n\n<div class=\"et_pb_row_3 et_pb_row et_block_row\">\n<div class=\"et_pb_column_3 et_pb_column et_pb_column_1_2 et_block_column et_pb_css_mix_blend_mode_passthrough\">\n<div class=\"et_pb_text_2 et_pb_text et_pb_bg_layout_dark et_pb_module et_block_module preset--module--divi-text--default\"><div class=\"et_pb_text_inner\"><h2><\/h2>\n<p><span style=\"font-weight: 400;\">Kauan odotettu kes\u00e4lomamatka saa \u00e4killisen k\u00e4\u00e4nteen, kun kuusi yst\u00e4vyst\u00e4 j\u00e4\u00e4 pohjolan arvaamattoman kes\u00e4n armoille auton hajotessa kesken matkan. Esityksen teemoja ovat rakkaus, unettomuus, \u00f6t\u00f6k\u00e4t, tanssiminen sek\u00e4 ripaus hulluutta ja ne johdattavat katsojat riemastuttavalle matkalle sirkuksen sy\u00f6vereihin.<\/span><\/p>\n<p><span style=\"font-weight: 400;\"><\/span><\/p>\n<p><span style=\"font-weight: 400;\">Ensi-Ilta: 2020<\/span><\/p>\n<\/div><\/div>\n\n<div class=\"et_pb_text_3 et_pb_text et_pb_bg_layout_dark et_pb_module et_block_module preset--module--divi-text--default\"><div class=\"et_pb_text_inner\"><h3>Esityksen pituus n. 70 minuuttia<\/h3>\n<p>&nbsp;<\/p>\n<p><strong>\"<em>The best thing about the show is that you never know what's happening next<\/em>\"<\/strong> \u2013\u00a0Liisa Risu - Hurjaruuth Artistic Director<\/p>\n<\/div><\/div>\n<\/div>\n\n<div class=\"et_pb_column_4 et_pb_column et_pb_column_1_2 et-last-child et_block_column et_pb_css_mix_blend_mode_passthrough\">\n<div class=\"et_pb_text_4 et_pb_text et_pb_bg_layout_dark et_pb_module et_block_module preset--module--divi-text--default\"><div class=\"et_pb_text_inner\" data-et-mv-hidden-tablet=\"true\" data-et-mv-hidden-phone=\"true\"><h2 style=\"padding-left: 40px;\"><strong>Esiintyj\u00e4t<\/strong><\/h2>\n<h3 style=\"padding-left: 40px;\">Ada Forsberg<\/h3>\n<h3 style=\"padding-left: 40px;\">Anselmi Kaisanlahti<\/h3>\n<h3 style=\"padding-left: 40px;\">Armas Lintusaari<\/h3>\n<h3 style=\"padding-left: 40px;\">Linnea Purontaus<\/h3>\n<h3 style=\"padding-left: 40px;\">Minna Pulsa<\/h3>\n<h3 style=\"padding-left: 40px;\">Orfeo Llewellyn<\/h3>\n<h2 style=\"padding-left: 40px;\"><strong>Pukusuunittelija<\/strong><\/h2>\n<h3 style=\"padding-left: 40px;\">Riikka Manni<\/h3>\n<h2 style=\"padding-left: 40px;\"><strong>Dramaturginen tuki<\/strong><\/h2>\n<h3 style=\"padding-left: 40px;\">Arja Pettersson<\/h3>\n<\/div><\/div>\n<\/div>\n<\/div>\n\n<div class=\"et_pb_row_4 et_pb_row et_pb_row_3-5_1-5_1-5 et_block_row et_block_row_3-5_1-5_1-5\">\n<div class=\"et_pb_column_5 et_pb_column et_pb_column_3_5 et_block_column et_pb_css_mix_blend_mode_passthrough\">\n<div class=\"et_pb_module et_pb_button_module_wrapper et_pb_button_0_wrapper\"><a class=\"et_pb_button_0 et_pb_button et_pb_bg_layout_light et_pb_module et_block_module\" href=\"https:\/\/arcticensemble.com\/fi\/contact-us\/\">Tilaa tapahtumaasi<\/a><\/div>\n<\/div>\n\n<div class=\"et_pb_column_6 et_pb_column et_pb_column_1_5 et_block_column et_pb_css_mix_blend_mode_passthrough\">\n\n<\/div>\n\n<div class=\"et_pb_column_7 et_pb_column et_pb_column_1_5 et-last-child et_block_column et_pb_css_mix_blend_mode_passthrough\">\n\n<\/div>\n<\/div>\n<\/div>\n\n<div class=\"et_pb_section_3 et_pb_section et_section_regular et_block_section\">\n\n\n\n<\/div>\n\n<div class=\"et_pb_section_4 et_pb_section et_section_regular et_block_section\">\n<div class=\"et_pb_row_7 et_pb_row et_block_row\">\n<div class=\"et_pb_column_11 et_pb_column et_pb_column_1_2 et_block_column et_pb_css_mix_blend_mode_passthrough\">\n<div class=\"et_pb_image_0 et_pb_image et_pb_module et_block_module\"><span class=\"et_pb_image_wrap\"><img loading=\"lazy\" decoding=\"async\" src=\"https:\/\/arcticensemble.com\/wp-content\/uploads\/2022\/05\/Pohjois-savo-logo-skr.png\" width=\"2319\" height=\"857\" srcset=\"https:\/\/arcticensemble.com\/wp-content\/uploads\/2022\/05\/Pohjois-savo-logo-skr.png 2319w, https:\/\/arcticensemble.com\/wp-content\/uploads\/2022\/05\/Pohjois-savo-logo-skr-1280x473.png 1280w, https:\/\/arcticensemble.com\/wp-content\/uploads\/2022\/05\/Pohjois-savo-logo-skr-980x362.png 980w, https:\/\/arcticensemble.com\/wp-content\/uploads\/2022\/05\/Pohjois-savo-logo-skr-480x177.png 480w\" sizes=\"(min-width: 0px) and (max-width: 480px) 480px, (min-width: 481px) and (max-width: 980px) 980px, (min-width: 981px) and (max-width: 1280px) 1280px, (min-width: 1281px) 2319px, 100vw\" class=\"wp-image-243164\" title=\"Pohjois-savo logo skr\" \/><\/span><\/div>\n<\/div>\n\n<div class=\"et_pb_column_12 et_pb_column et_pb_column_1_2 et-last-child et_block_column et_pb_css_mix_blend_mode_passthrough\">\n<div class=\"et_pb_image_1 et_pb_image et_pb_module et_block_module\"><span class=\"et_pb_image_wrap\"><img loading=\"lazy\" decoding=\"async\" src=\"https:\/\/arcticensemble.com\/wp-content\/uploads\/2024\/08\/taike_pysty.jpg\" width=\"890\" height=\"633\" srcset=\"https:\/\/arcticensemble.com\/wp-content\/uploads\/2024\/08\/taike_pysty.jpg 890w, https:\/\/arcticensemble.com\/wp-content\/uploads\/2024\/08\/taike_pysty-480x341.jpg 480w\" sizes=\"(min-width: 0px) and (max-width: 480px) 480px, (min-width: 481px) 890px, 100vw\" class=\"wp-image-244822\" title=\"taike_pysty\" \/><\/span><\/div>\n<\/div>\n<\/div>\n<\/div>","protected":false},"excerpt":{"rendered":"","protected":false},"author":1,"featured_media":0,"parent":0,"menu_order":0,"comment_status":"closed","ping_status":"closed","template":"","meta":{"footnotes":""},"difl_page_category":[],"class_list":["post-16","page","type-page","status-publish","hentry"],"_links":{"self":[{"href":"https:\/\/arcticensemble.com\/fi\/wp-json\/wp\/v2\/pages\/16","targetHints":{"allow":["GET"]}}],"collection":[{"href":"https:\/\/arcticensemble.com\/fi\/wp-json\/wp\/v2\/pages"}],"about":[{"href":"https:\/\/arcticensemble.com\/fi\/wp-json\/wp\/v2\/types\/page"}],"author":[{"embeddable":true,"href":"https:\/\/arcticensemble.com\/fi\/wp-json\/wp\/v2\/users\/1"}],"replies":[{"embeddable":true,"href":"https:\/\/arcticensemble.com\/fi\/wp-json\/wp\/v2\/comments?post=16"}],"version-history":[{"count":68,"href":"https:\/\/arcticensemble.com\/fi\/wp-json\/wp\/v2\/pages\/16\/revisions"}],"predecessor-version":[{"id":246624,"href":"https:\/\/arcticensemble.com\/fi\/wp-json\/wp\/v2\/pages\/16\/revisions\/246624"}],"wp:attachment":[{"href":"https:\/\/arcticensemble.com\/fi\/wp-json\/wp\/v2\/media?parent=16"}],"wp:term":[{"taxonomy":"difl_page_category","embeddable":true,"href":"https:\/\/arcticensemble.com\/fi\/wp-json\/wp\/v2\/difl_page_category?post=16"}],"curies":[{"name":"wp","href":"https:\/\/api.w.org\/{rel}","templated":true}]}}