{"id":18,"date":"2022-05-12T12:05:45","date_gmt":"2022-05-12T12:05:45","guid":{"rendered":"https:\/\/arcticensemble.com\/?page_id=18"},"modified":"2026-04-14T11:26:55","modified_gmt":"2026-04-14T08:26:55","slug":"adrift","status":"publish","type":"page","link":"https:\/\/arcticensemble.com\/fi\/adrift\/","title":{"rendered":"Tuuliajolla"},"content":{"rendered":"<div class=\"et_pb_section_0 et_pb_section et_section_regular et_block_section\">\n<div class=\"et_pb_row_0 et_pb_row et_block_row\">\n<div class=\"et_pb_column_0 et_pb_column et_pb_column_4_4 et-last-child et_block_column et_pb_css_mix_blend_mode_passthrough\">\n<div class=\"et_pb_text_0 et_pb_text et_pb_bg_layout_dark et_pb_module et_block_module preset--module--divi-text--default\"><div class=\"et_pb_text_inner\"><h1><strong>Tuuliajolla<\/strong><\/h1>\n<\/div><\/div>\n<\/div>\n<\/div>\n<\/div>\n\n<div class=\"et_pb_section_1 et_pb_section et_section_regular et_block_section\">\n<div class=\"et_pb_row_1 et_pb_row et_block_row\">\n<div class=\"et_pb_column_1 et_pb_column et_pb_column_4_4 et-last-child et_block_column et_pb_css_mix_blend_mode_passthrough\">\n<div class=\"et_pb_code_0 et_pb_code et_pb_module\"><div class=\"et_pb_code_inner\"><iframe loading=\"lazy\" width=\"560\" height=\"315\" src=\"https:\/\/www.youtube.com\/embed\/MmKBJrn9s_o?si=GYwDA13rCEJzUn3l&autoplay=1&mute=1&loop=1\" title=\"YouTube video player\" frameborder=\"0\" allow=\"accelerometer; autoplay; clipboard-write; encrypted-media; gyroscope; picture-in-picture; web-share\" referrerpolicy=\"strict-origin-when-cross-origin\" allowfullscreen><\/iframe><\/div><\/div>\n<\/div>\n<\/div>\n<\/div>\n\n<div class=\"et_pb_section_2 et_pb_section et_section_regular et_block_section\">\n<div class=\"et_pb_row_2 et_pb_row et_block_row\">\n<div class=\"et_pb_column_2 et_pb_column et_pb_column_4_4 et-last-child et_block_column et_pb_css_mix_blend_mode_passthrough\">\n<div class=\"et_pb_text_1 et_pb_text et_pb_bg_layout_dark et_pb_module et_block_module preset--module--divi-text--default\"><div class=\"et_pb_text_inner\"><h2><strong>Purjehtiva <\/strong><strong>Katusirkusshow<\/strong><strong><\/strong><\/h2>\n<\/div><\/div>\n<\/div>\n<\/div>\n\n<div class=\"et_pb_row_3 et_pb_row et_block_row\">\n<div class=\"et_pb_column_3 et_pb_column et_pb_column_1_2 et_block_column et_pb_css_mix_blend_mode_passthrough\">\n<div class=\"et_pb_text_2 et_pb_text et_pb_bg_layout_dark et_pb_module et_block_module preset--module--divi-text--default\"><div class=\"et_pb_text_inner\"><p>Tuuliajolla on purjehdusteemainen sirkuskokonaisuus toiseen tukeutumisesta ja kannattelusta maustettuna humoristisella el\u00e4m\u00e4notteella. Esitys yhdistelee pariakrobatiaa, perch-tasapainoilua ja katuteatteria hy\u00f6dynt\u00e4en tanssillista liikeilmaisua. Tuuliajolla on kiert\u00e4nyt purjeveneell\u00e4 Saimaan alueen rantakaupungeissa vuosina 2021 ja 2022. Esitys rantautuu ihmisten luokse luonnollisiin ymp\u00e4rist\u00f6ihin tarjoten saavutettavaa, monimuotoista ja yll\u00e4tyksellist\u00e4 sirkusta. Pyrkimyksen\u00e4 on tarjota ensikosketuksia sirkuksen pariin ekologisesti kest\u00e4v\u00e4ll\u00e4 tavalla. Teoksen k\u00e4rkiteemoina ollen saavutettavuus ja ekologisuus, esitykset kohdistuivat alueille, joissa sirkustarjonta on v\u00e4h\u00e4ist\u00e4 tai olematonta.<\/p>\n<p>Ensi-ilta: 2021<\/p>\n<p>&nbsp;<\/p>\n<h3>Esityksen pituus n. 20 minuuttia<\/h3>\n<\/div><\/div>\n<\/div>\n\n<div class=\"et_pb_column_4 et_pb_column et_pb_column_1_2 et-last-child et_block_column et_pb_css_mix_blend_mode_passthrough\">\n<div class=\"et_pb_text_3 et_pb_text et_pb_bg_layout_dark et_pb_module et_block_module preset--module--divi-text--default\"><div class=\"et_pb_text_inner\" data-et-mv-hidden-phone=\"true\"><h2 style=\"padding-left: 40px;\"><strong>Esiintyj\u00e4t<\/strong><\/h2>\n<p style=\"padding-left: 40px;\"><strong><\/strong><\/p>\n<h3 style=\"padding-left: 40px;\">Pihla Ojala<\/h3>\n<h3 style=\"padding-left: 40px;\">Ilkka Kemppinen<\/h3>\n<\/div><\/div>\n<\/div>\n<\/div>\n\n<div class=\"et_pb_row_4 et_pb_row et_pb_row_3-5_1-5_1-5 et_block_row et_block_row_3-5_1-5_1-5\">\n<div class=\"et_pb_column_5 et_pb_column et_pb_column_3_5 et_block_column et_pb_css_mix_blend_mode_passthrough\">\n<div class=\"et_pb_module et_pb_button_module_wrapper et_pb_button_0_wrapper\"><a class=\"et_pb_button_0 et_pb_button et_pb_bg_layout_light et_pb_module et_block_module\" href=\"https:\/\/arcticensemble.com\/fi\/contact-us\/\">Tilaa tapahtumaasi<\/a><\/div>\n<\/div>\n\n<div class=\"et_pb_column_6 et_pb_column et_pb_column_1_5 et_block_column et_pb_css_mix_blend_mode_passthrough\">\n\n<\/div>\n\n<div class=\"et_pb_column_7 et_pb_column et_pb_column_1_5 et-last-child et_block_column et_pb_css_mix_blend_mode_passthrough\">\n\n<\/div>\n<\/div>\n<\/div>\n\n<div class=\"et_pb_section_3 et_pb_section et_section_regular et_block_section\">\n\n\n\n\n<div class=\"et_pb_row_7 et_pb_row et_block_row\">\n<div class=\"et_pb_column_11 et_pb_column et_pb_column_1_2 et_block_column et_pb_css_mix_blend_mode_passthrough\">\n<div class=\"et_pb_image_0 et_pb_image et_pb_module et_block_module\"><span class=\"et_pb_image_wrap\"><img loading=\"lazy\" decoding=\"async\" src=\"https:\/\/arcticensemble.com\/wp-content\/uploads\/2022\/05\/Logomme-NH.png\" width=\"885\" height=\"295\" srcset=\"https:\/\/arcticensemble.com\/wp-content\/uploads\/2022\/05\/Logomme-NH.png 885w, https:\/\/arcticensemble.com\/wp-content\/uploads\/2022\/05\/Logomme-NH-480x160.png 480w\" sizes=\"(min-width: 0px) and (max-width: 480px) 480px, (min-width: 481px) 885px, 100vw\" class=\"wp-image-243201\" title=\"Logomme NH\" \/><\/span><\/div>\n\n<div class=\"et_pb_image_1 et_pb_image et_pb_module et_block_module\"><span class=\"et_pb_image_wrap\"><img loading=\"lazy\" decoding=\"async\" src=\"https:\/\/arcticensemble.com\/wp-content\/uploads\/2022\/06\/tahtisirkuslogo-1.png\" width=\"355\" height=\"355\" srcset=\"https:\/\/arcticensemble.com\/wp-content\/uploads\/2022\/06\/tahtisirkuslogo-1.png 355w, https:\/\/arcticensemble.com\/wp-content\/uploads\/2022\/06\/tahtisirkuslogo-1-300x300.png 300w, https:\/\/arcticensemble.com\/wp-content\/uploads\/2022\/06\/tahtisirkuslogo-1-150x150.png 150w, https:\/\/arcticensemble.com\/wp-content\/uploads\/2022\/06\/tahtisirkuslogo-1-12x12.png 12w\" sizes=\"(max-width: 355px) 100vw, 355px\" class=\"wp-image-243460\" title=\"tahtisirkuslogo (1)\" \/><\/span><\/div>\n<\/div>\n\n<div class=\"et_pb_column_12 et_pb_column et_pb_column_1_2 et-last-child et_block_column et_pb_css_mix_blend_mode_passthrough\">\n<div class=\"et_pb_image_2 et_pb_image et_pb_module et_block_module\"><span class=\"et_pb_image_wrap\"><img loading=\"lazy\" decoding=\"async\" src=\"https:\/\/arcticensemble.com\/wp-content\/uploads\/2024\/08\/taike_pysty.jpg\" width=\"890\" height=\"633\" srcset=\"https:\/\/arcticensemble.com\/wp-content\/uploads\/2024\/08\/taike_pysty.jpg 890w, https:\/\/arcticensemble.com\/wp-content\/uploads\/2024\/08\/taike_pysty-480x341.jpg 480w\" sizes=\"(min-width: 0px) and (max-width: 480px) 480px, (min-width: 481px) 890px, 100vw\" class=\"wp-image-244822\" title=\"taike_pysty\" \/><\/span><\/div>\n<\/div>\n<\/div>\n<\/div>","protected":false},"excerpt":{"rendered":"","protected":false},"author":1,"featured_media":0,"parent":0,"menu_order":0,"comment_status":"closed","ping_status":"closed","template":"","meta":{"footnotes":""},"difl_page_category":[],"class_list":["post-18","page","type-page","status-publish","hentry"],"_links":{"self":[{"href":"https:\/\/arcticensemble.com\/fi\/wp-json\/wp\/v2\/pages\/18","targetHints":{"allow":["GET"]}}],"collection":[{"href":"https:\/\/arcticensemble.com\/fi\/wp-json\/wp\/v2\/pages"}],"about":[{"href":"https:\/\/arcticensemble.com\/fi\/wp-json\/wp\/v2\/types\/page"}],"author":[{"embeddable":true,"href":"https:\/\/arcticensemble.com\/fi\/wp-json\/wp\/v2\/users\/1"}],"replies":[{"embeddable":true,"href":"https:\/\/arcticensemble.com\/fi\/wp-json\/wp\/v2\/comments?post=18"}],"version-history":[{"count":64,"href":"https:\/\/arcticensemble.com\/fi\/wp-json\/wp\/v2\/pages\/18\/revisions"}],"predecessor-version":[{"id":246625,"href":"https:\/\/arcticensemble.com\/fi\/wp-json\/wp\/v2\/pages\/18\/revisions\/246625"}],"wp:attachment":[{"href":"https:\/\/arcticensemble.com\/fi\/wp-json\/wp\/v2\/media?parent=18"}],"wp:term":[{"taxonomy":"difl_page_category","embeddable":true,"href":"https:\/\/arcticensemble.com\/fi\/wp-json\/wp\/v2\/difl_page_category?post=18"}],"curies":[{"name":"wp","href":"https:\/\/api.w.org\/{rel}","templated":true}]}}