{"id":243986,"date":"2023-06-05T13:43:48","date_gmt":"2023-06-05T10:43:48","guid":{"rendered":"https:\/\/arcticensemble.com\/?page_id=243986"},"modified":"2026-04-14T11:27:13","modified_gmt":"2026-04-14T08:27:13","slug":"dishsoapopera","status":"publish","type":"page","link":"https:\/\/arcticensemble.com\/fi\/dishsoapopera\/","title":{"rendered":"Dish Soap Opera"},"content":{"rendered":"<div class=\"et_pb_section_0 et_pb_section et_section_regular et_block_section\">\n<div class=\"et_pb_row_0 et_pb_row et_block_row\">\n<div class=\"et_pb_column_0 et_pb_column et_pb_column_4_4 et-last-child et_block_column et_pb_css_mix_blend_mode_passthrough\">\n<div class=\"et_pb_text_0 et_pb_text et_pb_bg_layout_dark et_pb_module et_block_module preset--module--divi-text--default\"><div class=\"et_pb_text_inner\"><h1><strong>Dish Soap Opera<\/strong><\/h1>\n<\/div><\/div>\n<\/div>\n<\/div>\n<\/div>\n\n<div class=\"et_pb_section_1 et_pb_section et_section_regular et_block_section\">\n<div class=\"et_pb_row_1 et_pb_row et_block_row\">\n<div class=\"et_pb_column_1 et_pb_column et_pb_column_4_4 et-last-child et_block_column et_pb_css_mix_blend_mode_passthrough\">\n<div class=\"et_pb_code_0 et_pb_code et_pb_module\"><div class=\"et_pb_code_inner\"><iframe loading=\"lazy\" width=\"560\" height=\"315\" src=\"https:\/\/www.youtube.com\/embed\/9phCrgfC3qY?si=bM08ycQP6TZUleHw&autoplay=1&mute=1&loop=1\" title=\"YouTube video player\" frameborder=\"0\" allow=\"accelerometer; autoplay; clipboard-write; encrypted-media; gyroscope; picture-in-picture; web-share\" referrerpolicy=\"strict-origin-when-cross-origin\" allowfullscreen><\/iframe><\/div><\/div>\n<\/div>\n<\/div>\n<\/div>\n\n<div class=\"et_pb_section_2 et_pb_section et_section_regular et_block_section\">\n<div class=\"et_pb_row_2 et_pb_row et_block_row\">\n<div class=\"et_pb_column_2 et_pb_column et_pb_column_4_4 et-last-child et_block_column et_pb_css_mix_blend_mode_passthrough\">\n<div class=\"et_pb_text_1 et_pb_text et_pb_bg_layout_dark et_pb_module et_block_module preset--module--divi-text--default\"><div class=\"et_pb_text_inner\"><h2><strong>Kaksin kaunihimpi\u00a0<\/strong><\/h2>\n<\/div><\/div>\n<\/div>\n<\/div>\n\n<div class=\"et_pb_row_3 et_pb_row et_block_row\">\n<div class=\"et_pb_column_3 et_pb_column et_pb_column_1_2 et_block_column et_pb_css_mix_blend_mode_passthrough\">\n<div class=\"et_pb_text_2 et_pb_text et_pb_bg_layout_dark et_pb_module et_block_module preset--module--divi-text--default\"><div class=\"et_pb_text_inner\"><p><span style=\"font-weight: 400;\">\u00a0Dish soap opera on kollaasi kahden sirkusartistin el\u00e4m\u00e4st\u00e4 kuuden neli\u00f6n asuntoautossa. Teos k\u00e4sittelee kahden ihmisen yhteiseloa kaikessa merkillisyydess\u00e4\u00e4n ja tuo lavalle kasan erilaisia hahmoja, joita syntyy jokap\u00e4iv\u00e4isest\u00e4 el\u00e4m\u00e4st\u00e4.<\/span><\/p>\n<p>Esitys sopii kaiken ik\u00e4isille<\/p>\n<p>Ensi-ilta: 2023<\/p>\n<p>&nbsp;<\/p>\n<h3>Esityksen pituus n. 40 minuuttia<\/h3>\n<\/div><\/div>\n<\/div>\n\n<div class=\"et_pb_column_4 et_pb_column et_pb_column_1_2 et-last-child et_block_column et_pb_css_mix_blend_mode_passthrough\">\n<div class=\"et_pb_text_3 et_pb_text et_pb_bg_layout_dark et_pb_module et_block_module preset--module--divi-text--default\"><div class=\"et_pb_text_inner\" data-et-mv-hidden-phone=\"true\"><h2 style=\"padding-left: 40px;\"><strong>Esiintyj\u00e4t<\/strong><\/h2>\n<p style=\"padding-left: 40px;\"><strong><\/strong><\/p>\n<p style=\"padding-left: 40px;\"><strong><\/strong><\/p>\n<h3 style=\"padding-left: 40px;\">Emmi Peltola<\/h3>\n<h3 style=\"padding-left: 40px;\">Eino Kaisanlahti<\/h3>\n<p>&nbsp;<\/p>\n<\/div><\/div>\n<\/div>\n<\/div>\n\n<div class=\"et_pb_row_4 et_pb_row et_pb_row_3-5_1-5_1-5 et_block_row et_block_row_3-5_1-5_1-5\">\n<div class=\"et_pb_column_5 et_pb_column et_pb_column_3_5 et_block_column et_pb_css_mix_blend_mode_passthrough\">\n<div class=\"et_pb_module et_pb_button_module_wrapper et_pb_button_0_wrapper\"><a class=\"et_pb_button_0 et_pb_button et_pb_bg_layout_light et_pb_module et_block_module\" href=\"https:\/\/arcticensemble.com\/fi\/contact-us\/\">Tilaa tapahtumaasi<\/a><\/div>\n<\/div>\n\n<div class=\"et_pb_column_6 et_pb_column et_pb_column_1_5 et_block_column et_pb_css_mix_blend_mode_passthrough\">\n\n<\/div>\n\n<div class=\"et_pb_column_7 et_pb_column et_pb_column_1_5 et-last-child et_block_column et_pb_css_mix_blend_mode_passthrough\">\n\n<\/div>\n<\/div>\n<\/div>\n\n<div class=\"et_pb_section_3 et_pb_section et_section_regular et_block_section\">\n\n\n<div class=\"et_pb_row_6 et_pb_row et_block_row\">\n<div class=\"et_pb_column_9 et_pb_column et_pb_column_4_4 et-last-child et_block_column et_pb_css_mix_blend_mode_passthrough\">\n<div class=\"et_pb_image_0 et_pb_image et_pb_module et_block_module\"><span class=\"et_pb_image_wrap\"><img loading=\"lazy\" decoding=\"async\" src=\"https:\/\/arcticensemble.com\/wp-content\/uploads\/2023\/05\/logo5.png\" width=\"567\" height=\"567\" srcset=\"https:\/\/arcticensemble.com\/wp-content\/uploads\/2023\/05\/logo5.png 567w, https:\/\/arcticensemble.com\/wp-content\/uploads\/2023\/05\/logo5-480x480.png 480w\" sizes=\"(min-width: 0px) and (max-width: 480px) 480px, (min-width: 481px) 567px, 100vw\" class=\"wp-image-243993\" title=\"logo5\" \/><\/span><\/div>\n<\/div>\n<\/div>\n<\/div>","protected":false},"excerpt":{"rendered":"","protected":false},"author":2,"featured_media":0,"parent":0,"menu_order":0,"comment_status":"closed","ping_status":"closed","template":"","meta":{"footnotes":""},"difl_page_category":[],"class_list":["post-243986","page","type-page","status-publish","hentry"],"_links":{"self":[{"href":"https:\/\/arcticensemble.com\/fi\/wp-json\/wp\/v2\/pages\/243986","targetHints":{"allow":["GET"]}}],"collection":[{"href":"https:\/\/arcticensemble.com\/fi\/wp-json\/wp\/v2\/pages"}],"about":[{"href":"https:\/\/arcticensemble.com\/fi\/wp-json\/wp\/v2\/types\/page"}],"author":[{"embeddable":true,"href":"https:\/\/arcticensemble.com\/fi\/wp-json\/wp\/v2\/users\/2"}],"replies":[{"embeddable":true,"href":"https:\/\/arcticensemble.com\/fi\/wp-json\/wp\/v2\/comments?post=243986"}],"version-history":[{"count":38,"href":"https:\/\/arcticensemble.com\/fi\/wp-json\/wp\/v2\/pages\/243986\/revisions"}],"predecessor-version":[{"id":246626,"href":"https:\/\/arcticensemble.com\/fi\/wp-json\/wp\/v2\/pages\/243986\/revisions\/246626"}],"wp:attachment":[{"href":"https:\/\/arcticensemble.com\/fi\/wp-json\/wp\/v2\/media?parent=243986"}],"wp:term":[{"taxonomy":"difl_page_category","embeddable":true,"href":"https:\/\/arcticensemble.com\/fi\/wp-json\/wp\/v2\/difl_page_category?post=243986"}],"curies":[{"name":"wp","href":"https:\/\/api.w.org\/{rel}","templated":true}]}}