{"id":244306,"date":"2024-02-17T14:56:25","date_gmt":"2024-02-17T11:56:25","guid":{"rendered":"https:\/\/arcticensemble.com\/?page_id=244306"},"modified":"2026-04-09T13:47:20","modified_gmt":"2026-04-09T10:47:20","slug":"archive","status":"publish","type":"page","link":"https:\/\/arcticensemble.com\/fi\/archive\/","title":{"rendered":"Archive"},"content":{"rendered":"<div class=\"et_pb_section_0 et_pb_section et_section_regular et_block_section\"><div class=\"et_pb_row_0 et_pb_row et_block_row\"><div class=\"et_pb_column_0 et_pb_column et_pb_column_4_4 et-last-child et_block_column et_pb_css_mix_blend_mode_passthrough\"><div class=\"et_pb_text_0 et_pb_text et_pb_bg_layout_dark et_pb_module et_block_module preset--module--divi-text--default\"><div class=\"et_pb_text_inner\"><h1><strong>Where we've been<\/strong><\/h1>\n<\/div><\/div><\/div><\/div><\/div><div class=\"et_pb_section_1 et_pb_section et_section_regular et_block_section\"><div class=\"et_pb_row_1 et_pb_row et_block_row\"><div class=\"et_pb_column_1 et_pb_column et_pb_column_4_4 et-last-child et_block_column et_pb_css_mix_blend_mode_passthrough\"><div class=\"et_pb_text_1 et_pb_text et_pb_bg_layout_dark et_pb_module et_block_module et_pb_text_align_center preset--module--divi-text--default\"><div class=\"et_pb_text_inner\"><p>Alla on tiivistetty luettelo kaikista sirkuksista, tapahtumista, kiertueista, kaupungeista, ja kylist\u00e4 joissa olemme esiintyneet joko omilla esityksill\u00e4mme tai j\u00e4rjest\u00e4mill\u00e4mme tapahtumilla.<\/p>\n<\/div><\/div><\/div><\/div><\/div><div class=\"et_pb_section_2 et_pb_section et_section_regular et_block_section\"><div class=\"et_pb_row_2 et_pb_row et_block_row\"><div class=\"et_pb_column_2 et_pb_column et_pb_column_4_4 et-last-child et_block_column et_pb_css_mix_blend_mode_passthrough\"><div class=\"et_pb_text_2 et_pb_text et_pb_bg_layout_light et_pb_module et_block_module et_pb_text_align_center preset--module--divi-text--default\"><div class=\"et_pb_text_inner\"><h2 style=\"text-align: center;\">Katisirkuskarnevaali paikakunnat<\/h2>\n<p style=\"text-align: center;\">\n<p style=\"text-align: center;\">Espoo\u00a0 \u00a0 Lahti<\/p>\n<p style=\"text-align: center;\">Alaj\u00e4rvi\u00a0 \u00a0 Lahti<\/p>\n<p style=\"text-align: center;\">Alavus\u00a0 \u00a0 Kauhajoki<\/p>\n<p style=\"text-align: center;\">Pori\u00a0 \u00a0 Rauma<\/p>\n<p style=\"text-align: center;\">Helsinki\u00a0 \u00a0 Porvoo<\/p>\n<p style=\"text-align: center;\">Kuopio\u00a0 \u00a0 Kajaani<\/p>\n<p style=\"text-align: center;\">Ylivieska\u00a0 \u00a0 Siilinj\u00e4rvi<\/p>\n<p style=\"text-align: center;\">Raahe<\/p>\n<\/div><\/div><div class=\"et_pb_text_3 et_pb_text et_pb_bg_layout_light et_pb_module et_block_module et_pb_text_align_center preset--module--divi-text--default\"><div class=\"et_pb_text_inner\"><h2>Sirkukset, tapahtumat ja kiertueet<\/h2>\n<p>&nbsp;<\/p>\n<p>Sirkus Finlandia - Finland<\/p>\n<p>Hippodrome Circus Great Yarmouth - UK<\/p>\n<p>Little World Museum of Man - Japan<\/p>\n<p>Young Stage - Switzerland<\/p>\n<p>Winter Circus Hurjaruuth - Finland<\/p>\n<p>Finnish independence day after party - Helsinki<\/p>\n<p>OP bank 120 year anniversary celebration - Helsinki<\/p>\n<p>Green-hub Factory opening celebration - Paimio<\/p>\n<p>Tu Si Que Vales - Italy<\/p>\n<p>Feuerwerk der Turnkunst - Germany<\/p>\n<\/div><\/div><div class=\"et_pb_text_4 et_pb_text et_pb_bg_layout_light et_pb_module et_block_module et_pb_text_align_center preset--module--divi-text--default\"><div class=\"et_pb_text_inner\"><h2>Yksitt\u00e4iset n\u00e4yttelykierrokset ja esitykset<\/h2>\n<p>&nbsp;<\/p>\n<p><span>Kickstart - Lappeenranta City Theatre - Finland - Lappeenranta<\/span><span><\/span><\/p>\n<p>Kickstart - Orimattila, Suonenjoki, Kuopio, Varkaus, J\u00e4rvenp\u00e4\u00e4, Espoo, Tuusula, Siilinj\u00e4rvi, Sonkaj\u00e4rvi, IIsalmi, Juankoski\u00a0 - Finland<\/p>\n<p>Kickstart, Dish Soap Opera - Keravan Sirkus Market - Kerava - Finland<\/p>\n<p>Adrift - Imatra, Luum\u00e4ki, Helsinki, Joutseno, Lappeenranta, Puumala, Sulkava, Anttola, Ristiina - Finland<\/p>\n<p>Kickstart, Dish Soap Opera - LIVE project school shows - Finland<\/p>\n<p>Adrift - Hulivili Carnival - Mikkeli - Finland<\/p>\n<p>Kickstart - Sorin Sirkus - Taidetestaajat - Tampere - Finland<\/p>\n<p>&nbsp;<\/p>\n<\/div><\/div><div class=\"et_pb_text_5 et_pb_text et_pb_bg_layout_light et_pb_module et_block_module et_pb_text_align_center preset--module--divi-text--default\"><div class=\"et_pb_text_inner\"><h2>Sirkus Festivaalit<\/h2>\n<p>&nbsp;<\/p>\n<p>Kickstart - FETA Festival - Poland - Gdansk<\/p>\n<p>Kickstart - Passage Festival - Denmark - <span>Helsing\u00f8r<\/span><\/p>\n<p>Kickstart - Bornholm International Street Theater Festival - Denmark - Bornholm<\/p>\n<p>Kickstart - Street Cut Festival - <span>Tanska<\/span><\/p>\n<p><span>Kickstart - Malm\u00f6festivalen - Malm\u00f6 - Sweden<\/span><\/p>\n<p><span>Kickstart - Pozytywka Festival - Poland - Bydgoszcz<\/span><\/p>\n<p><span>Kickstart, Adrift, Dish Soap Opera - Pflasterzauber Festival - Germany - Hildesheim<\/span><\/p>\n<p><span>Kickstart - Dziecinada Festival - Poland - Wroclaw<\/span><\/p>\n<p><span>Kickstart - Circul'art Festival - Slovakia -Stupava<\/span><\/p>\n<p><span>Kickstart - Gatuteaterfestivalen - Sweden - Halmstad<\/span><\/p>\n<p><span>Kickstart - Pusu Festival - Pusula - Finland<\/span><\/p>\n<p><span>Kickstart, Adrift - Salo Circus Festival - Salo - Finland<\/span><\/p>\n<p><span>Kickstart - Ruska Festival - Tampere - Finland<\/span><span><\/span><\/p>\n<p><span>Adrift - Passage Mini - Helsing\u00f8r - Denmark<\/span><\/p>\n<p><span>Adrift - Spring festival - Copenhagen - Denmark<\/span><\/p>\n<p><span>Kickstart, Dish Soap Opera - Keravan Sirkus Market - Kerava - Finland<\/span><\/p>\n<p><span>Kickstart - Kukko Festival - Lahti - Finland<\/span><\/p>\n<\/div><\/div><div class=\"et_pb_text_6 et_pb_text et_pb_bg_layout_dark et_pb_module et_block_module et_pb_text_align_center preset--module--divi-text--default\"><div class=\"et_pb_text_inner\"><h2>Edelliset Dish Soap Opera Esitykset<\/h2>\n<p>&nbsp;<\/p>\n<p><span>Pflasterzauber Festival - Hildesheim - Germany <\/span><\/p>\n<p><span>Keravan Sirkus Market - Kerava - Finland<\/span><\/p>\n<p>FINFRINGE - Turku - Finland<\/p>\n<p>Street Circus Carnival tour - Finland<\/p>\n<p>LIVE project school shows - Finland<\/p>\n<\/div><\/div><div class=\"et_pb_text_7 et_pb_text et_pb_bg_layout_light et_pb_module et_block_module et_pb_text_align_center preset--module--divi-text--default\"><div class=\"et_pb_text_inner\"><h2>Edelliset Tuuliajolla Esitykset<\/h2>\n<\/div><\/div><div class=\"et_pb_text_8 et_pb_text et_pb_bg_layout_dark et_pb_module et_block_module et_pb_text_align_center preset--module--divi-text--default\"><div class=\"et_pb_text_inner\"><p><span>Passage Festival - Helsing\u00f6r - Denmark<\/span><\/p>\n<p><span>Buskers Bern - Bern - Switzerland<\/span><\/p>\n<p><span>The Randers Festival - Randers - Denmark<\/span><\/p>\n<p>FINFRINGE - Turku - Finland<\/p>\n<p>Saimaa tour - Finland<\/p>\n<p>Street Circus Carnival tour - Finland<\/p>\n<p>LIVE project school shows - Finland<\/p>\n<\/div><\/div><div class=\"et_pb_text_9 et_pb_text et_pb_bg_layout_dark et_pb_module et_block_module et_pb_text_align_center preset--module--divi-text--default\"><div class=\"et_pb_text_inner\"><p><span>Pflasterzauber Festival - Hildesheim - Germany\u00a0<\/span><\/p>\n<p><span>Passage Mini - Helsing\u00f8r - Denmark<\/span><\/p>\n<p><span>Spring festival - Copenhagen - Denmark<\/span><\/p>\n<p>Hulivili Carnival - Mikkeli - Finland<\/p>\n<p>\u00c4ngelholm - Sweden<\/p>\n<p>Lund - Sweden<\/p>\n<p>Roskilde - Denmark<\/p>\n<p><span>Nyk\u00f8bing Sj\u00e6lland - Denmark<\/span><\/p>\n<p><span>Internationella Gatuteaterfestivalen - Halmstad - Sweden<\/span><\/p>\n<\/div><\/div><div class=\"et_pb_text_10 et_pb_text et_pb_bg_layout_light et_pb_module et_block_module et_pb_text_align_center preset--module--divi-text--default\"><div class=\"et_pb_text_inner\"><h2>Where Kickstart has been<\/h2>\n<p>FETA Festival - Gdansk - Poland\u00a0<\/p>\n<p>Passage Festival- <span>Helsing\u00f8r - Denmark\u00a0<\/span><\/p>\n<p>Bornholm International Street Theater Festival- Bornholm - Denmark\u00a0<\/p>\n<p>Street Cut Festival - <span>Tanska<\/span><\/p>\n<p><span>Malm\u00f6festivalen - Malm\u00f6 - Sweden<\/span><\/p>\n<p><span>Pozytywka Festival - Bydgoszcz - Poland <\/span><\/p>\n<p><span>Pflasterzauber Festival- Hildesheim - Germany <\/span><\/p>\n<p><span>Dziecinada Festival - Wroclaw - Poland <\/span><\/p>\n<p><span>Circul'art Festival - Stupava - Slovakia<\/span><\/p>\n<p><span>Gatuteaterfestivalen - Halmstad - Sweden<\/span><\/p>\n<p><span>Pusu Festival - Pusula - Finland<\/span><\/p>\n<p><span>Salo Circus Festival - Salo - Finland<\/span><\/p>\n<p><span>Ruska Festival - Tampere - Finland<\/span><span><\/span><\/p>\n<p><span>Keravan Sirkus Market - Kerava - Finland<\/span><\/p>\n<p><span>Kukko Festival - Lahti - Finland<\/span><\/p>\n<p><span>Buskers Bern - Bern - Switzerland<\/span><\/p>\n<p><span>Street Circus Carnival tour - Finland<\/span><\/p>\n<p><span>FINFRINGE - Turku - Finland<\/span><\/p>\n<p><span>Lappeenranta City Theatre - Finland - Lappeenranta<\/span><\/p>\n<\/div><\/div><\/div><\/div><\/div>","protected":false},"excerpt":{"rendered":"","protected":false},"author":2,"featured_media":0,"parent":0,"menu_order":0,"comment_status":"closed","ping_status":"closed","template":"","meta":{"footnotes":""},"difl_page_category":[],"class_list":["post-244306","page","type-page","status-publish","hentry"],"_links":{"self":[{"href":"https:\/\/arcticensemble.com\/fi\/wp-json\/wp\/v2\/pages\/244306","targetHints":{"allow":["GET"]}}],"collection":[{"href":"https:\/\/arcticensemble.com\/fi\/wp-json\/wp\/v2\/pages"}],"about":[{"href":"https:\/\/arcticensemble.com\/fi\/wp-json\/wp\/v2\/types\/page"}],"author":[{"embeddable":true,"href":"https:\/\/arcticensemble.com\/fi\/wp-json\/wp\/v2\/users\/2"}],"replies":[{"embeddable":true,"href":"https:\/\/arcticensemble.com\/fi\/wp-json\/wp\/v2\/comments?post=244306"}],"version-history":[{"count":21,"href":"https:\/\/arcticensemble.com\/fi\/wp-json\/wp\/v2\/pages\/244306\/revisions"}],"predecessor-version":[{"id":246314,"href":"https:\/\/arcticensemble.com\/fi\/wp-json\/wp\/v2\/pages\/244306\/revisions\/246314"}],"wp:attachment":[{"href":"https:\/\/arcticensemble.com\/fi\/wp-json\/wp\/v2\/media?parent=244306"}],"wp:term":[{"taxonomy":"difl_page_category","embeddable":true,"href":"https:\/\/arcticensemble.com\/fi\/wp-json\/wp\/v2\/difl_page_category?post=244306"}],"curies":[{"name":"wp","href":"https:\/\/api.w.org\/{rel}","templated":true}]}}