{"id":244428,"date":"2024-08-05T17:36:07","date_gmt":"2024-08-05T14:36:07","guid":{"rendered":"https:\/\/arcticensemble.com\/?page_id=244428"},"modified":"2026-04-16T16:07:06","modified_gmt":"2026-04-16T13:07:06","slug":"ensembled","status":"publish","type":"page","link":"https:\/\/arcticensemble.com\/fi\/ensembled\/","title":{"rendered":"Ensembled"},"content":{"rendered":"<div class=\"et_pb_section_0 et_pb_section et_section_regular et_block_section\">\n<div class=\"et_pb_row_0 et_pb_row et_block_row\">\n<div class=\"et_pb_column_0 et_pb_column et_pb_column_4_4 et-last-child et_block_column et_pb_css_mix_blend_mode_passthrough\">\n<div class=\"et_pb_text_0 et_pb_text et_pb_bg_layout_dark et_pb_module et_block_module preset--module--divi-text--default\"><div class=\"et_pb_text_inner\"><h1><strong>Ensembled<\/strong><\/h1>\n<\/div><\/div>\n<\/div>\n<\/div>\n<\/div>\n\n<div class=\"et_pb_section_1 et_pb_section et_section_regular et_block_section\">\n<div class=\"et_pb_row_1 et_pb_row et_pb_gutters1 et_block_row\">\n<div class=\"et_pb_column_1 et_pb_column et_pb_column_4_4 et-last-child et_block_column et_pb_css_mix_blend_mode_passthrough\">\n\n\n<div class=\"et_pb_code_0 et_pb_code et_pb_module\"><div class=\"et_pb_code_inner\"><iframe loading=\"lazy\" width=\"560\" height=\"315\" src=\"https:\/\/www.youtube.com\/embed\/5FXPVPtfvNM?si=aIaPBakftRedOFTI&autoplay=1&mute=1&loop=1\" title=\"YouTube video player\" frameborder=\"0\" allow=\"accelerometer; autoplay; clipboard-write; encrypted-media; gyroscope; picture-in-picture; web-share\" referrerpolicy=\"strict-origin-when-cross-origin\" allowfullscreen><\/iframe><\/div><\/div>\n<\/div>\n<\/div>\n<\/div>\n\n<div class=\"et_pb_section_2 et_pb_section et_section_regular et_block_section\">\n<div class=\"et_pb_row_2 et_pb_row et_block_row\">\n<div class=\"et_pb_column_2 et_pb_column et_pb_column_4_4 et-last-child et_block_column et_pb_css_mix_blend_mode_passthrough\">\n<div class=\"et_pb_text_1 et_pb_text et_pb_bg_layout_dark et_pb_module et_block_module preset--module--divi-text--default\"><div class=\"et_pb_text_inner\"><h2><strong>Mutaa Hike\u00e4 ja Sirkusta<\/strong><\/h2>\n<\/div><\/div>\n<\/div>\n<\/div>\n\n<div class=\"et_pb_row_3 et_pb_row et_block_row\">\n<div class=\"et_pb_column_3 et_pb_column et_pb_column_1_2 et_block_column et_pb_css_mix_blend_mode_passthrough\">\n<div class=\"et_pb_text_2 et_pb_text et_pb_bg_layout_dark et_pb_module et_block_module preset--module--divi-text--default\"><div class=\"et_pb_text_inner\"><p><strong>ENSEMBLED<\/strong> is the first performance in the group's own tent. The work is an acrobatic and collaborative circus experience in which 9 acrobats and a jazz drummer transform a traditional circus tent into a contemporary circus playground.<\/p>\n<p>Esityksess\u00e4 on l\u00e4sn\u00e4 sirkusel\u00e4m\u00e4n kuran ja kimalluksen kontrastit. Osallistavassa game showssa yleis\u00f6 yritt\u00e4\u00e4 pudottaa nuorallatanssijan k\u00e4ytt\u00e4en lehtipuhaltimia ja heitellen villasukkia. Sen vastapainoksi lopen uupunutta esiintyj\u00e4\u00e4 raahataan p\u00f6lyisen lavan halki l\u00e4hes hautajaismaisessa tunnelmassa.<\/p>\n<p>The piece culminates in a seamless collaboration between the whole collective, with the performers flying wildly through the airspace of the tent. The collective's speciality, the Korean double cradle, is unique even on a worldwide scale.<\/p>\n<p>ENSEMBLED strives for a sense of community that seeps beyond the boundaries of the working group and makes the work more than just a performance. Ensembled is about the fragility and brutality of human life: how one's own life can hang by a thread and trust in another is the only thing holding it together.<\/p>\n<\/div><\/div>\n\n<div class=\"et_pb_text_3 et_pb_text et_pb_bg_layout_dark et_pb_module et_block_module preset--module--divi-text--default\"><div class=\"et_pb_text_inner\"><h3>ESITYKSEN PITUUS: N. 120 minuuttia sis. v\u00e4liaika<\/h3>\n<\/div><\/div>\n<\/div>\n\n<div class=\"et_pb_column_4 et_pb_column et_pb_column_1_2 et-last-child et_block_column et_pb_css_mix_blend_mode_passthrough\">\n<div class=\"et_pb_text_4 et_pb_text et_pb_bg_layout_dark et_pb_module et_block_module preset--module--divi-text--default\"><div class=\"et_pb_text_inner\"><h2>Saavutettavuus<\/h2>\n<p>The performance takes place in the collective's own circus tent, usually located on a sand or grass field. The tent has 8 wheelchair spaces and the passageways are at their narrowest 1.20m. There is an accessible porta potti at the performance area. If you have an assistant, please contact customer service at <span style=\"color: #00ccff;\"><a href=\"mailto:liput@arcticensemble.com\" style=\"color: #00ccff;\">liput@arcticensemble.com<\/a><\/span>. Avustajat EU:n vammaiskortilla maksutta.<\/p>\n<h2>Huomioitavaa<\/h2>\n<p class=\"translation-block\">Teoksessa on kovia \u00e4\u00e4ni\u00e4 ja vilkkuvia valoja.\nV\u00e4liajalla popcornia ja virvokkeita voi ostaa teltan kahviosta.<\/p>\n<h2>Liput<\/h2>\n<p>Tickets 27,5\u20ac\/19,5\u20ac. A limited number of pay-what-you-can tickets can be bought at the door. Free of charge for babies. Group sales for groups of more than 20 people : <span style=\"color: #00ccff;\"><a href=\"mailto:liput@arcticensemble.com\" style=\"color: #00ccff;\">liput@arcticensemble.com<\/a><\/span><br \/>Online -lippukauppa sulkeutuu tunti ennen esityksen alkua, jolloin ovilipunmyynti alkaa.<br \/>Kaikki lipputyypit ovat numeroimattomia. Ovet aukeavat puoli tuntia ennen esityksen alkua.<\/p>\n<\/div><\/div>\n<\/div>\n<\/div>\n\n<div class=\"et_pb_row_4 et_pb_row et_flex_row\">\n<div class=\"et_pb_column_5 et_pb_column et-last-child et_block_column et_pb_css_mix_blend_mode_passthrough et_flex_column_24_24 et_flex_column_24_24_tablet et_flex_column_24_24_phone\">\n<div class=\"et_pb_group_0 et_pb_group et-last-child et_pb_module et_flex_group et_pb_css_mix_blend_mode_passthrough\">\n<div class=\"et_pb_text_5 et_pb_text et_pb_bg_layout_light et_pb_module et_flex_module preset--module--divi-text--default\"><div class=\"et_pb_text_inner\"><p><span class=\"a_GcMg font-feature-liga-off font-feature-clig-off font-feature-calt-off text-decoration-none text-strikethrough-none\">\u201cEnsembledi\u00e4 katsoessa tuntuu kuin olisi ty\u00f6ryhm\u00e4n olohuoneessa, tosin v\u00e4h\u00e4n eriskummallisessa ja j\u00e4nnitt\u00e4v\u00e4ss\u00e4 sellaisessa.\u201d<\/span><\/p>\n<\/div><\/div>\n\n<div class=\"et_pb_group_1 et_pb_group et_pb_module et_grid_group et_pb_css_mix_blend_mode_passthrough\">\n<div class=\"et_pb_icon_0 et_pb_icon et_pb_module et_flex_module\"><span class=\"et_pb_icon_wrap\"><span class=\"et-pb-icon\">\ue033<\/span><\/span><\/div>\n\n<div class=\"et_pb_icon_1 et_pb_icon et_pb_module et_flex_module\"><span class=\"et_pb_icon_wrap\"><span class=\"et-pb-icon\">\ue033<\/span><\/span><\/div>\n\n<div class=\"et_pb_icon_2 et_pb_icon et_pb_module et_flex_module\"><span class=\"et_pb_icon_wrap\"><span class=\"et-pb-icon\">\ue033<\/span><\/span><\/div>\n\n<div class=\"et_pb_icon_3 et_pb_icon et_pb_module et_flex_module\"><span class=\"et_pb_icon_wrap\"><span class=\"et-pb-icon\">\ue033<\/span><\/span><\/div>\n\n<div class=\"et_pb_icon_4 et_pb_icon et_pb_module et_flex_module\"><span class=\"et_pb_icon_wrap\"><span class=\"et-pb-icon\">\ue033<\/span><\/span><\/div>\n<\/div>\n\n<div class=\"et_pb_text_6 et_pb_text et_pb_bg_layout_light et_pb_module et_flex_module preset--module--divi-text--default\"><div class=\"et_pb_text_inner\"><p><span class=\"a_GcMg font-feature-liga-off font-feature-clig-off font-feature-calt-off text-decoration-none text-strikethrough-none\">Johanna Peltola - Kultuuritoimitus<\/span><\/p>\n<\/div><\/div>\n<\/div>\n<\/div>\n<\/div>\n\n<div class=\"et_pb_row_5 et_pb_row et_pb_row_3-5_1-5_1-5 et_block_row et_block_row_3-5_1-5_1-5\">\n<div class=\"et_pb_column_6 et_pb_column et_pb_column_3_5 et_block_column et_pb_css_mix_blend_mode_passthrough\">\n\n<\/div>\n\n<div class=\"et_pb_column_7 et_pb_column et_pb_column_1_5 et_block_column et_pb_css_mix_blend_mode_passthrough\">\n\n<\/div>\n\n<div class=\"et_pb_column_8 et_pb_column et_pb_column_1_5 et-last-child et_block_column et_pb_css_mix_blend_mode_passthrough\">\n\n<\/div>\n<\/div>\n<\/div>\n\n<div class=\"et_pb_section_3 et_pb_section et_section_regular et_block_section\">\n<div class=\"et_pb_row_6 et_pb_row et_block_row\">\n<div class=\"et_pb_column_9 et_pb_column et_pb_column_1_2 et_block_column et_pb_css_mix_blend_mode_passthrough\">\n<div class=\"et_pb_text_7 et_pb_text et_pb_bg_layout_dark et_pb_module et_block_module preset--module--divi-text--default\"><div class=\"et_pb_text_inner\"><h2>Konsepti ja Esiintyj\u00e4t<\/h2>\n<h3>Ada Forsberg<\/h3>\n<h3>Anselmi Kaisanlahti<\/h3>\n<h3>Armas Lintusaari<\/h3>\n<h3>Eino Kaisanlahti<\/h3>\n<h3>Emmi Peltola<\/h3>\n<h3>Linnea Purontaus<\/h3>\n<h3>Minna Pulsa<\/h3>\n<h3>Orfeo Llewellyn<\/h3>\n<h3>Pihla Ojala<\/h3>\n<h2>Muusikot<\/h2>\n<h3>Eeti Nieminen<\/h3>\n<h3>Erik Fr\u00e4ki<\/h3>\n<h2>S\u00e4velt\u00e4j\u00e4<\/h2>\n<h3>Eeti Nieminen<\/h3>\n<h2>Pukusuunittelija<\/h2>\n<h3>Riikka Manni<\/h3>\n<h2>Valosuunittelija<\/h2>\n<h3>Jaakko Sirainen<\/h3>\n<h2>\u00c4\u00e4nimestari<\/h2>\n<h3>Jarkko Kein\u00e4nen<\/h3>\n<h2>Dramaturginen tuki<\/h2>\n<h3>Adam Opus<\/h3>\n<\/div><\/div>\n<\/div>\n\n<div class=\"et_pb_column_10 et_pb_column et_pb_column_1_2 et-last-child et_block_column et_pb_css_mix_blend_mode_passthrough\">\n<div class=\"et_pb_text_8 et_pb_text et_pb_bg_layout_dark et_pb_module et_block_module preset--module--divi-text--default\"><div class=\"et_pb_text_inner\"><h2>Tukijat<\/h2>\n<h3>Taiteen edist\u00e4miskeskus<\/h3>\n<h3>Jenny ja Antti Wihurin Rahasto<\/h3>\n<h3>Suomen Kultuurirahasto<\/h3>\n<h3>Cirko Uuden Sirkuksen Keskus<\/h3>\n<h3>Keravan Kaupunki<\/h3>\n<h3>Tuusulan Kaupunki<\/h3>\n<h3>Alavuden Kaupunki<\/h3>\n<h3>Konepyy Oy<\/h3>\n<h3>Sirkus Sirius<\/h3>\n<h3>Helsingin Villasukkatehdas\u00a0<\/h3>\n<\/div><\/div>\n<\/div>\n<\/div>\n<\/div>","protected":false},"excerpt":{"rendered":"","protected":false},"author":2,"featured_media":0,"parent":0,"menu_order":0,"comment_status":"closed","ping_status":"closed","template":"","meta":{"footnotes":""},"difl_page_category":[],"class_list":["post-244428","page","type-page","status-publish","hentry"],"_links":{"self":[{"href":"https:\/\/arcticensemble.com\/fi\/wp-json\/wp\/v2\/pages\/244428","targetHints":{"allow":["GET"]}}],"collection":[{"href":"https:\/\/arcticensemble.com\/fi\/wp-json\/wp\/v2\/pages"}],"about":[{"href":"https:\/\/arcticensemble.com\/fi\/wp-json\/wp\/v2\/types\/page"}],"author":[{"embeddable":true,"href":"https:\/\/arcticensemble.com\/fi\/wp-json\/wp\/v2\/users\/2"}],"replies":[{"embeddable":true,"href":"https:\/\/arcticensemble.com\/fi\/wp-json\/wp\/v2\/comments?post=244428"}],"version-history":[{"count":70,"href":"https:\/\/arcticensemble.com\/fi\/wp-json\/wp\/v2\/pages\/244428\/revisions"}],"predecessor-version":[{"id":246636,"href":"https:\/\/arcticensemble.com\/fi\/wp-json\/wp\/v2\/pages\/244428\/revisions\/246636"}],"wp:attachment":[{"href":"https:\/\/arcticensemble.com\/fi\/wp-json\/wp\/v2\/media?parent=244428"}],"wp:term":[{"taxonomy":"difl_page_category","embeddable":true,"href":"https:\/\/arcticensemble.com\/fi\/wp-json\/wp\/v2\/difl_page_category?post=244428"}],"curies":[{"name":"wp","href":"https:\/\/api.w.org\/{rel}","templated":true}]}}