{"id":244682,"date":"2024-08-23T18:07:25","date_gmt":"2024-08-23T15:07:25","guid":{"rendered":"https:\/\/arcticensemble.com\/?page_id=244682"},"modified":"2026-04-14T11:28:40","modified_gmt":"2026-04-14T08:28:40","slug":"the-tent","status":"publish","type":"page","link":"https:\/\/arcticensemble.com\/fi\/the-tent\/","title":{"rendered":"Sirkusteltta"},"content":{"rendered":"<div class=\"et_pb_section_0 et_pb_section et_section_regular et_block_section\">\n<div class=\"et_pb_row_0 et_pb_row et_block_row\">\n<div class=\"et_pb_column_0 et_pb_column et_pb_column_4_4 et-last-child et_block_column et_pb_css_mix_blend_mode_passthrough\">\n<div class=\"et_pb_text_0 et_pb_text et_pb_bg_layout_dark et_pb_module et_block_module preset--module--divi-text--default\"><div class=\"et_pb_text_inner\"><h1><strong>Sirkusteltta<\/strong><\/h1>\n<\/div><\/div>\n<\/div>\n<\/div>\n<\/div>\n\n<div class=\"et_pb_section_1 et_pb_section et_section_regular et_block_section\">\n<div class=\"et_pb_row_1 et_pb_row et_block_row\">\n<div class=\"et_pb_column_1 et_pb_column et_pb_column_4_4 et-last-child et_block_column et_pb_css_mix_blend_mode_passthrough\">\n<div class=\"et_pb_module et_pb_button_module_wrapper et_pb_button_0_wrapper\"><a class=\"et_pb_button_0 et_pb_button et_pb_bg_layout_light et_pb_module et_block_module\" href=\"mailto:arcticensemble@gmail.com?subject=Arctic%20Ensemble%20tent%20rental\">Vuokraa teltta tilaisuuteesi <\/a><\/div>\n\n<div class=\"et_pb_text_1 et_pb_text et_pb_bg_layout_dark et_pb_module et_block_module et_pb_text_align_center preset--module--divi-text--default\"><div class=\"et_pb_text_inner\"><p>Ty\u00f6skennelty\u00e4mme useamman vuoden ajan erilaisissa produktioissa ymp\u00e4ri maailmaa, aloimme haaveilemaan omasta esiintymistilasta: sellaisesta joka olisi juuri meille sopiva ja t\u00e4ytt\u00e4isi valtavat tilalliset tarpeemme. Meill\u00e4 oli kokemusta sirkustelttojen kanssa ty\u00f6skentelyst\u00e4 jo kouluajoilta, ja vuonna 2021 p\u00e4\u00e4timme hakea Taiteen Edist\u00e4miskeskuksen avustusta pandemian j\u00e4lkeiseen toiminnan kehitt\u00e4miseen. Ajankohta oli ilmeisen oikea projektille ja kev\u00e4\u00e4ll\u00e4 2022 Taike my\u00f6nsi meille 60000 euron suuruisen avustuksen teltan hankintaan ja uuden esityksen luomiseen.<\/p>\n<p>T\u00e4st\u00e4 alkoi kahden vuoden pituinen prosessi hankkia Arctic Ensemblelle ikioma sirkusteltta. Alunperin teltta piti tilata k\u00e4ytettyn\u00e4, mutta kun sopivan kokoista ei tullut vastaan, p\u00e4\u00e4dyimme tilaamaan teltan uutena Italiasta. N\u00e4in pystyimme suunnittelemaan teltan, joka vastaa parhaiten ryhm\u00e4mme tarpeita tehd\u00e4 sirkusta, esiinty\u00e4 ja kiert\u00e4\u00e4 ymp\u00e4ri Suomea. Nyt, lukemattomien design-\u00e4\u00e4nestysten, loputtomien rakentamiseen ja j\u00e4rjestelyyn k\u00e4ytettyjen tuntien, upean varainkeruukampanjan ja p\u00e4\u00e4ttym\u00e4tt\u00f6m\u00e4lt\u00e4 tuntuneen odotuksen j\u00e4lkeen voimme ylpe\u00e4n\u00e4 todeta, ett\u00e4 meill\u00e4 on Suomen kaunein sirkusteltta!<\/p>\n<p>Teltan tarkoitus on mahdollistaa entist\u00e4 suuremman mittakaavan nykysirkusesitysten tuotantoja ja kiertueita Suomessa, ja tulevaisuudessa my\u00f6s kansainv\u00e4lisesti. Otamme mallia Keski-Euroopasta, jossa teltalla kiert\u00e4v\u00e4t nykysirkusryhm\u00e4t ovat arkip\u00e4iv\u00e4\u00e4. Projekti on valtavan suuri askel ryhm\u00e4llemme ja se antaa meille mahdollisuuden jakaa visiotamme maailmanluokan sirkustaiteesta laajemman yleis\u00f6n kanssa. \nTeltta on vuokrattavissa erilaisiin tapahtumiin, kuten festivaaleille tai yksityistapahtumiin, oikeastaan vain mielikuvitus on rajana. Alta n\u00e4et muutaman kuvan teltasta esimerkkein\u00e4, miten t\u00e4m\u00e4 kaunokainen voisi nostaa juuri sinunkin tapahtumasi aivan uudelle tasolle.<\/p>\n<p>If you are interested in renting the big top, either on its own or even as a package deal with a show or two, please don't hesitate to contact us. We can provide size specifications and discuss what possibilites are available to make your event even more amazing.<\/p>\n<\/div><\/div>\n\n<div class=\"et_pb_module et_pb_button_module_wrapper et_pb_button_1_wrapper\"><a class=\"et_pb_button_1 et_pb_button et_pb_bg_layout_light et_pb_module et_block_module\" href=\"https:\/\/arcticensemble.com\/fi\/contact-us\/\">Ota yhteytt\u00e4<\/a><\/div>\n<\/div>\n<\/div>\n<\/div>\n\n<div class=\"et_pb_section_2 et_pb_section et_section_regular et_block_section\">\n<div class=\"et_pb_row_2 et_pb_row et_block_row\">\n<div class=\"et_pb_column_2 et_pb_column et_pb_column_4_4 et-last-child et_block_column et_pb_css_mix_blend_mode_passthrough\">\n<div class=\"et_pb_gallery_0 et_pb_gallery et_pb_bg_layout_light et_pb_gallery_grid et_pb_module\" data-auto-rotate=\"off\" data-auto-rotate-speed=\"\"><div class=\"et_pb_gallery_items et_post_gallery clearfix et_grid_module\" data-per_page=\"5\"><div class=\"et_pb_gallery_item et_pb_grid_item et_pb_gallery_item_0_0\"><div class=\"et_pb_gallery_image landscape\" data-per_page=\"5\"><a href=\"https:\/\/arcticensemble.com\/wp-content\/uploads\/2024\/08\/WhatsApp-Image-2024-08-20-at-16.42.52_d5f5cbf9-scaled.jpg\" title=\"\"><img loading=\"lazy\" decoding=\"async\" width=\"400\" height=\"284\" src=\"https:\/\/arcticensemble.com\/wp-content\/uploads\/2024\/08\/WhatsApp-Image-2024-08-20-at-16.42.52_d5f5cbf9-400x284.jpg\" alt=\"\" class=\"wp-image-244759\" srcset=\"https:\/\/arcticensemble.com\/wp-content\/uploads\/2024\/08\/WhatsApp-Image-2024-08-20-at-16.42.52_d5f5cbf9-scaled.jpg 479w, https:\/\/arcticensemble.com\/wp-content\/uploads\/2024\/08\/WhatsApp-Image-2024-08-20-at-16.42.52_d5f5cbf9-400x284.jpg 480w\" sizes=\"(max-width:479px) 479px, 100vw\" \/><span class=\"et_overlay\" data-icon=\"\" data-icon-tablet=\"\" data-icon-phone=\"\"><\/span><\/a><\/div><\/div><div class=\"et_pb_gallery_item et_pb_grid_item et_pb_gallery_item_0_1\"><div class=\"et_pb_gallery_image landscape\" data-per_page=\"5\"><a href=\"https:\/\/arcticensemble.com\/wp-content\/uploads\/2024\/08\/Christoffer-Collina-1.jpg\" title=\"\"><img loading=\"lazy\" decoding=\"async\" width=\"400\" height=\"284\" src=\"https:\/\/arcticensemble.com\/wp-content\/uploads\/2024\/08\/Christoffer-Collina-1-400x284.jpg\" alt=\"\" class=\"wp-image-244770\" srcset=\"https:\/\/arcticensemble.com\/wp-content\/uploads\/2024\/08\/Christoffer-Collina-1.jpg 479w, https:\/\/arcticensemble.com\/wp-content\/uploads\/2024\/08\/Christoffer-Collina-1-400x284.jpg 480w\" sizes=\"(max-width:479px) 479px, 100vw\" \/><span class=\"et_overlay\" data-icon=\"\" data-icon-tablet=\"\" data-icon-phone=\"\"><\/span><\/a><\/div><\/div><div class=\"et_pb_gallery_item et_pb_grid_item et_pb_gallery_item_0_2\"><div class=\"et_pb_gallery_image landscape\" data-per_page=\"5\"><a href=\"https:\/\/arcticensemble.com\/wp-content\/uploads\/2024\/08\/Joni-Niva3-scaled.jpg\" title=\"\"><img loading=\"lazy\" decoding=\"async\" width=\"400\" height=\"284\" src=\"https:\/\/arcticensemble.com\/wp-content\/uploads\/2024\/08\/Joni-Niva3-400x284.jpg\" alt=\"\" class=\"wp-image-244761\" srcset=\"https:\/\/arcticensemble.com\/wp-content\/uploads\/2024\/08\/Joni-Niva3-scaled.jpg 479w, https:\/\/arcticensemble.com\/wp-content\/uploads\/2024\/08\/Joni-Niva3-400x284.jpg 480w\" sizes=\"(max-width:479px) 479px, 100vw\" \/><span class=\"et_overlay\" data-icon=\"\" data-icon-tablet=\"\" data-icon-phone=\"\"><\/span><\/a><\/div><\/div><div class=\"et_pb_gallery_item et_pb_grid_item et_pb_gallery_item_0_3\"><div class=\"et_pb_gallery_image landscape\" data-per_page=\"5\"><a href=\"https:\/\/arcticensemble.com\/wp-content\/uploads\/2024\/08\/Joni-Niva5-scaled.jpg\" title=\"\"><img loading=\"lazy\" decoding=\"async\" width=\"400\" height=\"284\" src=\"https:\/\/arcticensemble.com\/wp-content\/uploads\/2024\/08\/Joni-Niva5-400x284.jpg\" alt=\"\" class=\"wp-image-244760\" srcset=\"https:\/\/arcticensemble.com\/wp-content\/uploads\/2024\/08\/Joni-Niva5-scaled.jpg 479w, https:\/\/arcticensemble.com\/wp-content\/uploads\/2024\/08\/Joni-Niva5-400x284.jpg 480w\" sizes=\"(max-width:479px) 479px, 100vw\" \/><span class=\"et_overlay\" data-icon=\"\" data-icon-tablet=\"\" data-icon-phone=\"\"><\/span><\/a><\/div><\/div><div class=\"et_pb_gallery_item et_pb_grid_item et_pb_gallery_item_0_4\"><div class=\"et_pb_gallery_image landscape\" data-per_page=\"5\"><a href=\"https:\/\/arcticensemble.com\/wp-content\/uploads\/2024\/08\/IMG_9395-1-min-scaled.jpg\" title=\"\"><img loading=\"lazy\" decoding=\"async\" width=\"400\" height=\"284\" src=\"https:\/\/arcticensemble.com\/wp-content\/uploads\/2024\/08\/IMG_9395-1-min-400x284.jpg\" alt=\"\" class=\"wp-image-244762\" srcset=\"https:\/\/arcticensemble.com\/wp-content\/uploads\/2024\/08\/IMG_9395-1-min-scaled.jpg 479w, https:\/\/arcticensemble.com\/wp-content\/uploads\/2024\/08\/IMG_9395-1-min-400x284.jpg 480w\" sizes=\"(max-width:479px) 479px, 100vw\" \/><span class=\"et_overlay\" data-icon=\"\" data-icon-tablet=\"\" data-icon-phone=\"\"><\/span><\/a><\/div><\/div><\/div><\/div>\n<\/div>\n<\/div>\n\n<div class=\"et_pb_row_3 et_pb_row et_block_row\">\n<div class=\"et_pb_column_3 et_pb_column et_pb_column_4_4 et-last-child et_block_column et_pb_css_mix_blend_mode_passthrough\">\n<div class=\"et_pb_text_2 et_pb_text et_pb_bg_layout_light et_pb_module et_block_module et_pb_text_align_center preset--module--divi-text--default\"><div class=\"et_pb_text_inner\"><h1>Tekniset tiedot<\/h1>\n<\/div><\/div>\n<\/div>\n<\/div>\n\n<div class=\"et_pb_row_4 et_pb_row et_block_row\">\n<div class=\"et_pb_column_4 et_pb_column et_pb_column_1_2 et_block_column et_pb_css_mix_blend_mode_passthrough\">\n<div class=\"et_pb_text_3 et_pb_text et_pb_bg_layout_light et_pb_module et_block_module et_pb_text_align_center preset--module--divi-text--default\"><div class=\"et_pb_text_inner\"><ul>\n<li>Vaadittava alue: 36m x 36m neli\u00f6 avointa ja tasaista maata.<\/li>\n<li>Halkaisija: 24m<\/li>\n<li>Korkeus ripustuspisteisiin: 10.5m<\/li>\n<li>Cupolan pituus: 7m<\/li>\n<li>P\u00e4\u00e4mastojen (King pole) v\u00e4li: 10m<\/li>\n<\/ul>\n<\/div><\/div>\n<\/div>\n\n<div class=\"et_pb_column_5 et_pb_column et_pb_column_1_2 et-last-child et_block_column et_pb_css_mix_blend_mode_passthrough\">\n<div class=\"et_pb_text_4 et_pb_text et_pb_bg_layout_light et_pb_module et_block_module et_pb_text_align_center preset--module--divi-text--default\"><div class=\"et_pb_text_inner\"><ul>\n<li>Istumapaikkakapasiteetti: Katsomo on modulaarinen, ja siihen mahtuu 360\u00b0:ssa jopa 400 ihmist\u00e4.<\/li>\n<li>Seisomapaikat: Lavan koosta riippuen jopa 1400.<\/li>\n<li>N\u00e4ytt\u00e4m\u00f6n koko: n\u00e4ytt\u00e4m\u00f6 on my\u00f6s modulaarinen, ja sen koko voi olla jopa 10 m x 9 m.<\/li>\n<li>Lavan korkeus: 30cm<\/li>\n<li>Perus valo- ja \u00e4\u00e4nentoistolaitteet ovat my\u00f6s erikseen vuokrattavissa.<\/li>\n<\/ul>\n<\/div><\/div>\n<\/div>\n<\/div>\n<\/div>\n\n<div class=\"et_pb_section_3 et_pb_section et_section_regular et_block_section\">\n<div class=\"et_pb_row_5 et_pb_row et_block_row reverse-columns-mobile\">\n<div class=\"et_pb_column_6 et_pb_column et_pb_column_4_4 et-last-child et_block_column et_pb_css_mix_blend_mode_passthrough\">\n<div class=\"et_pb_text_5 et_pb_text et_pb_bg_layout_dark et_pb_module et_block_module preset--module--divi-text--default\"><div class=\"et_pb_text_inner\"><h2><strong><\/strong><\/h2>\n<h2 style=\"text-align: center;\"><strong>Tukijamme<\/strong><\/h2>\n<p style=\"text-align: center;\">Teltta-projektimme ei olisi ollut mahdollinen ilman uskomattomia tukijoitamme, jotka tekiv\u00e4t lahjoituksen mesenaatti-kampanjaamme. Emme voi koskaan kiitt\u00e4\u00e4 n\u00e4it\u00e4 henkil\u00f6it\u00e4 kylliksi! Alla kaikkien niiden nimet, jotka auttoivat meit\u00e4 saavuttamaan\u00a0unelmamme.<\/p>\n<p>&nbsp;<\/p>\n<p style=\"text-align: center;\">Ada Sainio, Aija Lindman, Aino M\u00e4kip\u00e4\u00e4, Airi Ilmapiiri, Aleksi Kemppinen, Anja M. de Abonce, Anne Karttunen, Anne Rautiainen, Anne-Mari Takala, Anni K\u00e4rkk\u00e4inen, Arkki Vartiainen, Auvo Takkinen, Christian Rindell, Clara Laurent, Eero Lintusaari, Eetu Peltola, Eikka Alatalo, Emilia Tengvall-Matero, Emma Hintikka, Emma Ruuth, Emma-Mariella Kurkela, Emmi Turppo, Esko Heimonen, Heikki Heiskanen, Heikki Matero, Herttua Family, Hanna Moisala, Hanna-Sofia Tapio, Ilkka Kaisanlahti, Ilona M\u00e4kel\u00e4, India Khan, Irma J\u00e4ppinen, Irma Tapio, Iiro Heikkil\u00e4, Jaakko Kallioniemi, Jenna Haavisto, Jenni Lehtinen, Jere, Johanna M\u00e4kel\u00e4, Jo\u00e3o Lopes, Jouko Enkelnotko, Juha Ristola, Kai Kuutamo, Kaisa Lampinen, Karita Tikka, Kari Nieminen, Katri Heiniluoto, Kerttu Ristola, Kestas Matusevi\u010dius, Lida Kuusisto, Liina Veera, Linnea Lohela, Lintsin Sirkus, Lukas Peurala, Madeline Pierregrosse, Maiju Mustonen, Manne Lind\u00e9n, Marianne Kosonen, Maria Peltola, Mari Kansanaho, Martti Forsberg, Merimari Sepp\u00e4nen, Miira Paasilinna, Miko Sederholm, Mikko Hyt\u00f6nen, Mikko Hyt\u00f6nen, Minja Kuitunen, Nea Mikkola, Nico Orko, Niina Eerola, Olivia Jaakola, Onni Korhonen, Onni Lintusaari, Pasi M\u00e4lki\u00e4, Pasi Nousiainen, Pekka Rouhiainen, Pihla Alava, Pinja Mikkonen, Pirjo H-V, Puratar, Rainer Bj\u00f6rklund, Rhea Baer, Roni Heimo, Roosa Laakkonen, Salla Santanen, Sampo Suihkonen, Sanni Kauppinen, Sanni Sarlin, Sara My\u00f6h\u00e4nen, Sara Nurminen, Sari Savinen, Scotty Stewart, Seija Lampinen, , Selene Abonce Muhonen, Silja Puranen, Siiri Irene, Sirkusfysio, Sisko Turunen, Suvi Piirainen, Suvi Tyynil\u00e4, S\u00e4il\u00e4tt\u00e4ret, Tarja Tolonen, Terhi Paloheimo, The Flying Rice House, Timo Purontaus, Timo Ruuskanen, Tiia Matikainen, Tommi Sarkola, Tommi Utriainen, Totti Baer, Tuikku Alaviitala, Tuula Sipil\u00e4, Unna Vuolli, Ulla Kangas-Kallio, Ursula Alizart, Valtteri Blom, Veikka Pulsa, Vesa Metso, Victor Huusko, Ville Vuorenmaa, Vilma Lehtikari, Zero Gravity Company, \u00c4iti.<\/p>\n<p style=\"text-align: center;\">Erityiskiitos Sirkus Aikamoiselle, Sade Kamppilalle ja Julien Augerille mentoroinnista teltan hankkimiseen ja omistamiseen liittyviss\u00e4\u00a0kiemuroissa.<\/p>\n<\/div><\/div>\n<\/div>\n<\/div>\n<\/div>","protected":false},"excerpt":{"rendered":"","protected":false},"author":2,"featured_media":0,"parent":0,"menu_order":0,"comment_status":"closed","ping_status":"closed","template":"","meta":{"footnotes":""},"difl_page_category":[],"class_list":["post-244682","page","type-page","status-publish","hentry"],"_links":{"self":[{"href":"https:\/\/arcticensemble.com\/fi\/wp-json\/wp\/v2\/pages\/244682","targetHints":{"allow":["GET"]}}],"collection":[{"href":"https:\/\/arcticensemble.com\/fi\/wp-json\/wp\/v2\/pages"}],"about":[{"href":"https:\/\/arcticensemble.com\/fi\/wp-json\/wp\/v2\/types\/page"}],"author":[{"embeddable":true,"href":"https:\/\/arcticensemble.com\/fi\/wp-json\/wp\/v2\/users\/2"}],"replies":[{"embeddable":true,"href":"https:\/\/arcticensemble.com\/fi\/wp-json\/wp\/v2\/comments?post=244682"}],"version-history":[{"count":53,"href":"https:\/\/arcticensemble.com\/fi\/wp-json\/wp\/v2\/pages\/244682\/revisions"}],"predecessor-version":[{"id":246631,"href":"https:\/\/arcticensemble.com\/fi\/wp-json\/wp\/v2\/pages\/244682\/revisions\/246631"}],"wp:attachment":[{"href":"https:\/\/arcticensemble.com\/fi\/wp-json\/wp\/v2\/media?parent=244682"}],"wp:term":[{"taxonomy":"difl_page_category","embeddable":true,"href":"https:\/\/arcticensemble.com\/fi\/wp-json\/wp\/v2\/difl_page_category?post=244682"}],"curies":[{"name":"wp","href":"https:\/\/api.w.org\/{rel}","templated":true}]}}