{"id":246061,"date":"2026-01-15T20:40:44","date_gmt":"2026-01-15T17:40:44","guid":{"rendered":"https:\/\/arcticensemble.com\/?page_id=246061"},"modified":"2026-04-14T11:27:26","modified_gmt":"2026-04-14T08:27:26","slug":"circus-festival-ou","status":"publish","type":"page","link":"https:\/\/arcticensemble.com\/fi\/circus-festival-ou\/","title":{"rendered":"Circus Festival OU"},"content":{"rendered":"<div class=\"et_pb_section_0 et_pb_section et_section_regular et_block_section\">\n<div class=\"et_pb_row_0 et_pb_row et_block_row\">\n<div class=\"et_pb_column_0 et_pb_column et_pb_column_4_4 et-last-child et_block_column et_pb_css_mix_blend_mode_passthrough\">\n<div class=\"et_pb_text_0 et_pb_text et_pb_bg_layout_dark et_pb_module et_block_module preset--module--divi-text--default\"><div class=\"et_pb_text_inner\"><h1><strong>Circus Festival OU<\/strong><\/h1>\n<\/div><\/div>\n<\/div>\n<\/div>\n<\/div>\n\n<div class=\"et_pb_section_1 et_pb_section et_section_regular et_block_section\">\n<div class=\"et_pb_row_1 et_pb_row et_block_row\">\n<div class=\"et_pb_column_1 et_pb_column et_pb_column_4_4 et-last-child et_block_column et_pb_css_mix_blend_mode_passthrough\">\n<div class=\"et_pb_text_1 et_pb_text et_pb_bg_layout_dark et_pb_module et_block_module preset--module--divi-text--default\"><div class=\"et_pb_text_inner\"><h2>Kes\u00e4kuussa 2026 Oulu sykkii nykysirkusta<\/h2>\n<\/div><\/div>\n<\/div>\n<\/div>\n\n<div class=\"et_pb_row_2 et_pb_row et_block_row\">\n<div class=\"et_pb_column_2 et_pb_column et_pb_column_1_2 et_block_column et_pb_css_mix_blend_mode_passthrough\">\n<div class=\"et_pb_text_2 et_pb_text et_pb_bg_layout_dark et_pb_module et_block_module preset--module--divi-text--default\"><div class=\"et_pb_text_inner\"><p>Kes\u00e4kuussa 2026 Oulu sykkii nykysirkusta, kun Circus Festival Ou j\u00e4rjestet\u00e4\u00e4n ensimm\u00e4ist\u00e4 kertaa. Festivaali levitt\u00e4ytyy katusirkuksesta sirkustelttaan sek\u00e4 perheohjelmasta kokeelliseen iltaklubiohjelmaan. Ohjelmaa on luvassa Oulun keskustan katukuvassa, Kulttuurikeskus Valveella sek\u00e4 Hiukkavaaraan rakentuvassa festivaalikyl\u00e4ss\u00e4.<br \/>Yhteis\u00f6l\u00e4ht\u00f6inen tapahtuma tekee nykysirkuksesta n\u00e4kyv\u00e4n osan kaupungin kulttuuriel\u00e4m\u00e4\u00e4 ja tuo korkeatasoisen kansainv\u00e4lisen ohjelmiston kaikkien ulottuville.<br \/>Festivaalin toteuttaa suomalaisten sirkustaiteilijoiden ja kollektiivien yhteenliittym\u00e4, johon kuuluvat Arctic Ensemble, Lumo Company, Tip Top Walkers ja Merri Heikkil\u00e4.<\/p>\n<p>Tapahtuma on osa Oulu26-kulttuuriohjelmaa<\/p>\n<div class=\"RLrADb\" data-message-id=\"spaces\/9b9p4cZGlJcB\/messages\/1768494885731487\">\n<div class=\"jO4O1\">\n<div class=\"ptNLrf\">\n<div><\/div>\n<\/div>\n<\/div>\n<\/div>\n<div class=\"RLrADb\" data-message-id=\"spaces\/9b9p4cZGlJcB\/messages\/1768494890730511\">\n<div class=\"jO4O1\">\n<div class=\"ptNLrf\">\n<div>\n<div><\/div>\n<div><\/div>\n<\/div>\n<\/div>\n<\/div>\n<\/div>\n<h3><\/h3>\n<\/div><\/div>\n<\/div>\n\n<div class=\"et_pb_column_3 et_pb_column et_pb_column_1_2 et-last-child et_block_column et_pb_css_mix_blend_mode_passthrough\">\n<div class=\"et_pb_image_0 et_pb_image et_pb_module et_block_module\"><span class=\"et_pb_image_wrap\"><img loading=\"lazy\" decoding=\"async\" src=\"https:\/\/arcticensemble.com\/wp-content\/uploads\/2026\/01\/WhatsApp-Image-2026-01-14-at-21.02.16.jpeg\" width=\"532\" height=\"527\" srcset=\"https:\/\/arcticensemble.com\/wp-content\/uploads\/2026\/01\/WhatsApp-Image-2026-01-14-at-21.02.16.jpeg 532w, https:\/\/arcticensemble.com\/wp-content\/uploads\/2026\/01\/WhatsApp-Image-2026-01-14-at-21.02.16-480x475.jpeg 480w\" sizes=\"(min-width: 0px) and (max-width: 480px) 480px, (min-width: 481px) 532px, 100vw\" class=\"wp-image-246068\" title=\"WhatsApp Image 2026-01-14 at 21.02.16\" \/><\/span><\/div>\n<\/div>\n<\/div>\n\n<div class=\"et_pb_row_3 et_pb_row et_block_row\">\n<div class=\"et_pb_column_4 et_pb_column et_pb_column_1_2 et_block_column et_pb_css_mix_blend_mode_passthrough\">\n<div class=\"et_pb_module et_pb_button_module_wrapper et_pb_button_0_wrapper\"><a class=\"et_pb_button_0 et_pb_button et_pb_bg_layout_light et_pb_module et_block_module\" href=\"https:\/\/circusfestivalou.com\/\" target=\"_blank\">Lis\u00e4\u00e4 info<\/a><\/div>\n<\/div>\n\n<div class=\"et_pb_column_5 et_pb_column et_pb_column_1_2 et-last-child et_block_column et_pb_css_mix_blend_mode_passthrough\">\n<div class=\"et_pb_module et_pb_button_module_wrapper et_pb_button_1_wrapper\"><a class=\"et_pb_button_1 et_pb_button et_pb_bg_layout_light et_pb_module et_block_module\" href=\"https:\/\/liput.arcticensemble.com\/fi\/buyingflow\/tickets\/15556\" target=\"_blank\">Liput<\/a><\/div>\n<\/div>\n<\/div>\n<\/div>\n\n<div class=\"et_pb_section_2 et_pb_section et_section_regular et_block_section\">\n<div class=\"et_pb_row_4 et_pb_row et_block_row\">\n<div class=\"et_pb_column_6 et_pb_column et_pb_column_1_2 et_block_column et_pb_css_mix_blend_mode_passthrough\">\n<div class=\"et_pb_image_1 et_pb_image et_pb_module et_block_module\"><span class=\"et_pb_image_wrap\"><img loading=\"lazy\" decoding=\"async\" src=\"https:\/\/arcticensemble.com\/wp-content\/uploads\/2026\/01\/Oulu_L_web.jpg\" width=\"1203\" height=\"1439\" srcset=\"https:\/\/arcticensemble.com\/wp-content\/uploads\/2026\/01\/Oulu_L_web.jpg 1203w, https:\/\/arcticensemble.com\/wp-content\/uploads\/2026\/01\/Oulu_L_web-980x1172.jpg 980w, https:\/\/arcticensemble.com\/wp-content\/uploads\/2026\/01\/Oulu_L_web-480x574.jpg 480w\" sizes=\"(min-width: 0px) and (max-width: 480px) 480px, (min-width: 481px) and (max-width: 980px) 980px, (min-width: 981px) 1203px, 100vw\" class=\"wp-image-246071\" title=\"alt-text: {&quot;fi&quot;:&quot;Oulun logo, L-koko, pystymalli&quot;}\" \/><\/span><\/div>\n<\/div>\n\n<div class=\"et_pb_column_7 et_pb_column et_pb_column_1_2 et-last-child et_block_column et_pb_css_mix_blend_mode_passthrough\">\n<div class=\"et_pb_image_2 et_pb_image et_pb_module et_block_module\"><span class=\"et_pb_image_wrap\"><img loading=\"lazy\" decoding=\"async\" src=\"https:\/\/arcticensemble.com\/wp-content\/uploads\/2026\/01\/Oulu2026_logo_black_CMYK_SHORT_horizontal_page-0001.jpg\" width=\"1597\" height=\"1045\" srcset=\"https:\/\/arcticensemble.com\/wp-content\/uploads\/2026\/01\/Oulu2026_logo_black_CMYK_SHORT_horizontal_page-0001.jpg 1597w, https:\/\/arcticensemble.com\/wp-content\/uploads\/2026\/01\/Oulu2026_logo_black_CMYK_SHORT_horizontal_page-0001-1280x838.jpg 1280w, https:\/\/arcticensemble.com\/wp-content\/uploads\/2026\/01\/Oulu2026_logo_black_CMYK_SHORT_horizontal_page-0001-980x641.jpg 980w, https:\/\/arcticensemble.com\/wp-content\/uploads\/2026\/01\/Oulu2026_logo_black_CMYK_SHORT_horizontal_page-0001-480x314.jpg 480w\" sizes=\"(min-width: 0px) and (max-width: 480px) 480px, (min-width: 481px) and (max-width: 980px) 980px, (min-width: 981px) and (max-width: 1280px) 1280px, (min-width: 1281px) 1597px, 100vw\" class=\"wp-image-246073\" title=\"Oulu2026_logo_black_CMYK_SHORT_horizontal_page-0001\" \/><\/span><\/div>\n<\/div>\n<\/div>\n<\/div>","protected":false},"excerpt":{"rendered":"","protected":false},"author":2,"featured_media":0,"parent":0,"menu_order":0,"comment_status":"closed","ping_status":"closed","template":"","meta":{"footnotes":""},"difl_page_category":[],"class_list":["post-246061","page","type-page","status-publish","hentry"],"_links":{"self":[{"href":"https:\/\/arcticensemble.com\/fi\/wp-json\/wp\/v2\/pages\/246061","targetHints":{"allow":["GET"]}}],"collection":[{"href":"https:\/\/arcticensemble.com\/fi\/wp-json\/wp\/v2\/pages"}],"about":[{"href":"https:\/\/arcticensemble.com\/fi\/wp-json\/wp\/v2\/types\/page"}],"author":[{"embeddable":true,"href":"https:\/\/arcticensemble.com\/fi\/wp-json\/wp\/v2\/users\/2"}],"replies":[{"embeddable":true,"href":"https:\/\/arcticensemble.com\/fi\/wp-json\/wp\/v2\/comments?post=246061"}],"version-history":[{"count":19,"href":"https:\/\/arcticensemble.com\/fi\/wp-json\/wp\/v2\/pages\/246061\/revisions"}],"predecessor-version":[{"id":246627,"href":"https:\/\/arcticensemble.com\/fi\/wp-json\/wp\/v2\/pages\/246061\/revisions\/246627"}],"wp:attachment":[{"href":"https:\/\/arcticensemble.com\/fi\/wp-json\/wp\/v2\/media?parent=246061"}],"wp:term":[{"taxonomy":"difl_page_category","embeddable":true,"href":"https:\/\/arcticensemble.com\/fi\/wp-json\/wp\/v2\/difl_page_category?post=246061"}],"curies":[{"name":"wp","href":"https:\/\/api.w.org\/{rel}","templated":true}]}}