{"id":246180,"date":"2026-03-31T13:21:10","date_gmt":"2026-03-31T10:21:10","guid":{"rendered":"https:\/\/arcticensemble.com\/?page_id=246180"},"modified":"2026-04-14T11:26:12","modified_gmt":"2026-04-14T08:26:12","slug":"karkelot","status":"publish","type":"page","link":"https:\/\/arcticensemble.com\/fi\/karkelot\/","title":{"rendered":"Karkelot"},"content":{"rendered":"<div class=\"et_pb_section_0 et_pb_section et_section_regular et_block_section\">\n<div class=\"et_pb_row_0 et_pb_row et_block_row\">\n<div class=\"et_pb_column_0 et_pb_column et_pb_column_4_4 et-last-child et_block_column et_pb_css_mix_blend_mode_passthrough\">\n<div class=\"et_pb_text_0 et_pb_text et_pb_bg_layout_dark et_pb_module et_block_module preset--module--divi-text--default\"><div class=\"et_pb_text_inner\"><h1><strong>Karkelot<\/strong><\/h1>\n<\/div><\/div>\n<\/div>\n<\/div>\n<\/div>\n\n<div class=\"et_pb_section_1 et_pb_section et_section_regular et_block_section\">\n<div class=\"et_pb_row_1 et_pb_row et_pb_gutters1 et_block_row\">\n<div class=\"et_pb_column_1 et_pb_column et_pb_column_4_4 et-last-child et_block_column et_pb_css_mix_blend_mode_passthrough\">\n\n\n<div class=\"et_pb_code_0 et_pb_code et_pb_module\"><div class=\"et_pb_code_inner\"><iframe loading=\"lazy\" width=\"560\" height=\"315\" src=\"https:\/\/www.youtube.com\/embed\/iXduO3RGv6c?si=r1EAuwQHSip1pl1L&autoplay=1&mute=1&loop=1\" title=\"YouTube video player\" frameborder=\"0\" allow=\"accelerometer; autoplay; clipboard-write; encrypted-media; gyroscope; picture-in-picture; web-share\" referrerpolicy=\"strict-origin-when-cross-origin\" allowfullscreen><\/iframe><\/div><\/div>\n<\/div>\n<\/div>\n<\/div>\n\n<div class=\"et_pb_section_2 et_pb_section et_section_regular et_block_section\">\n<div class=\"et_pb_row_2 et_pb_row et_block_row\">\n<div class=\"et_pb_column_2 et_pb_column et_pb_column_4_4 et-last-child et_block_column et_pb_css_mix_blend_mode_passthrough\">\n<div class=\"et_pb_text_1 et_pb_text et_pb_bg_layout_dark et_pb_module et_block_module preset--module--divi-text--default\"><div class=\"et_pb_text_inner\"><h2><strong>El\u00e4m\u00e4 on juhla. T\u00e4m\u00e4 on kutsu.<\/strong><\/h2>\n<\/div><\/div>\n<\/div>\n<\/div>\n\n<div class=\"et_pb_row_3 et_pb_row et_block_row\">\n<div class=\"et_pb_column_3 et_pb_column et_pb_column_1_2 et_block_column et_pb_css_mix_blend_mode_passthrough\">\n<div class=\"et_pb_text_2 et_pb_text et_pb_bg_layout_dark et_pb_module et_block_module preset--module--divi-text--default\"><div class=\"et_pb_text_inner\"><p><strong>Yhteis\u00f6llisyys ei ole kuollut \u2013 se el\u00e4\u00e4 sirkuksessa!<\/strong><\/p>\n<p>Karkelot on sirkuskollektiivi Arctic Ensemblen uusi, suuri ja kaunis nykysirkustuotanto, jossa akrobatia ly\u00f6 k\u00e4tt\u00e4 perinteisten pari- ja ryhm\u00e4tanssien kanssa. Yleis\u00f6 p\u00e4\u00e4see ihailemaan lavan t\u00e4ydelt\u00e4 akrobaatteja, tanssijoita, muusikoita ja fyysisen komiikan taitureita.<\/p>\n<p>Teos on inspiroitunut suomalaisesta kansanperinteest\u00e4, tanssista ja musiikista, jotka iloisesti liehuen yhdistet\u00e4\u00e4n sirkuksen akrobatiaan, l\u00e4sn\u00e4oloon ja fyysiseen komiikkaan. Se elvytt\u00e4\u00e4 suomalaisesta historiasta tuttua yhteen kokoontumisen ja yhdess\u00e4 juhlimisen kulttuuria. Karkeloita siivitt\u00e4\u00e4 harmonikkataiteilija Johanna Juholan s\u00e4velt\u00e4m\u00e4 ja soittama musiikki.<\/p>\n<p>Karkelot hy\u00f6dynt\u00e4\u00e4 akrobatialle ja kansantansseille yhteist\u00e4 leikkimielisen kilvoittelun ja n\u00e4ytt\u00e4misen halun ilmapiiri\u00e4 sek\u00e4 uhanalaista fyysist\u00e4 ja sanatonta kommunikaatiota. Niinik\u00e4\u00e4n kummallekin lajille tyypillisi\u00e4 tarkkaan sovittuja, usein sukupuolitettuja rooleja teos rikkoo rohkeasti.<\/p>\n<p>Teoksessa karkeloidaan l\u00e4pi el\u00e4m\u00e4n ja kuoleman v\u00e4listen juhlien ja siirtym\u00e4riittien, syntym\u00e4st\u00e4 aikuistumiseen ja h\u00e4ist\u00e4 hautajaisiin. Esitys pyrkii rehelliseen, fyysiseen kohtaamiseen ja kutsuu yleis\u00f6\u00e4 luomaan yhdess\u00e4 uusia yhteen kokoontumisen rituaaleja.<\/p>\n<\/div><\/div>\n\n<div class=\"et_pb_text_3 et_pb_text et_pb_bg_layout_dark et_pb_module et_block_module preset--module--divi-text--default\"><div class=\"et_pb_text_inner\"><h3>ESITYKSEN PITUUS: N. 120 minuuttia sis. v\u00e4liaika<\/h3>\n<\/div><\/div>\n<\/div>\n\n<div class=\"et_pb_column_4 et_pb_column et_pb_column_1_2 et-last-child et_block_column et_pb_css_mix_blend_mode_passthrough\">\n<div class=\"et_pb_text_4 et_pb_text et_pb_bg_layout_dark et_pb_module et_block_module preset--module--divi-text--default\"><div class=\"et_pb_text_inner\"><h2>Saavutettavuus<\/h2>\n<p>The performance takes place in the collective's own circus tent, usually located on a sand or grass field. The tent has 8 wheelchair spaces and the passageways are at their narrowest 1.20m. There is an accessible porta potti at the performance area. If you have an assistant, please contact customer service at <span style=\"color: #00ccff;\"><a href=\"mailto:liput@arcticensemble.com\" style=\"color: #00ccff;\">liput@arcticensemble.com<\/a><\/span>. Avustajat EU:n vammaiskortilla maksutta.<\/p>\n<h2>Huomioitavaa<\/h2>\n<p class=\"translation-block\">Teoksessa on kovia \u00e4\u00e4ni\u00e4 ja vilkkuvia valoja.\nV\u00e4liajalla popcornia ja virvokkeita voi ostaa teltan kahviosta.<\/p>\n<h2>Liput<\/h2>\n<p>Liput 29,5\u20ac\/21,5\u20ac. Ovelta voi ostaa rajoitetun m\u00e4\u00e4r\u00e4n maksa mit\u00e4 pystyt -lippuja. Sylivauvat maksutta. Ryhm\u00e4myynti yli 20 hengen ryhmille : <span style=\"color: #00ccff;\"><a href=\"mailto:liput@arcticensemble.com\" style=\"color: #00ccff;\">liput@arcticensemble.com<\/a><\/span><br \/>Online -lippukauppa sulkeutuu tunti ennen esityksen alkua, jolloin ovilipunmyynti alkaa.<br \/>Kaikki lipputyypit ovat numeroimattomia. Ovet aukeavat puoli tuntia ennen esityksen alkua.<\/p>\n<\/div><\/div>\n<\/div>\n<\/div>\n\n<div class=\"et_pb_row_4 et_pb_row et_pb_row_3-5_1-5_1-5 et_block_row et_block_row_3-5_1-5_1-5\">\n<div class=\"et_pb_column_5 et_pb_column et_pb_column_3_5 et_block_column et_pb_css_mix_blend_mode_passthrough\">\n\n<\/div>\n\n<div class=\"et_pb_column_6 et_pb_column et_pb_column_1_5 et_block_column et_pb_css_mix_blend_mode_passthrough\">\n\n<\/div>\n\n<div class=\"et_pb_column_7 et_pb_column et_pb_column_1_5 et-last-child et_block_column et_pb_css_mix_blend_mode_passthrough\">\n\n<\/div>\n<\/div>\n<\/div>\n\n<div class=\"et_pb_section_3 et_pb_section et_section_regular et_block_section\">\n<div class=\"et_pb_row_5 et_pb_row et_block_row\">\n<div class=\"et_pb_column_8 et_pb_column et_pb_column_1_2 et_block_column et_pb_css_mix_blend_mode_passthrough\">\n<div class=\"et_pb_text_5 et_pb_text et_pb_bg_layout_dark et_pb_module et_block_module preset--module--divi-text--default\"><div class=\"et_pb_text_inner\"><h2>Ohjaus<\/h2>\n<h3>Jenni Kallo<\/h3>\n<h2>Koreografia<\/h2>\n<h3>Riikka Puumalainen<\/h3>\n<h2>Esiintyj\u00e4t ja Konsepti<\/h2>\n<h3>Ada Forsberg<\/h3>\n<h3>Anselmi Kaisanlahti<\/h3>\n<h3>Armas Lintusaari<\/h3>\n<h3>Eino Kaisanlahti<\/h3>\n<h3>Emmi Peltola<\/h3>\n<h3>Linnea Purontaus<\/h3>\n<h3>Minna Pulsa<\/h3>\n<h3>Orfeo Llewellyn<\/h3>\n<h3>Pihla Ojala<\/h3>\n<h3>Niina Rinta-Opas<\/h3>\n<h2>Muusikot<\/h2>\n<h3>Johanna Juhola<\/h3>\n<h2>S\u00e4velt\u00e4j\u00e4<\/h2>\n<h3>Johanna Juhola<\/h3>\n<h2>Pukusuunittelija<\/h2>\n<h3>Mirkka Myrhinen<\/h3>\n<h2>Set Design<\/h2>\n<h3>Mirkka Myrhinen<\/h3>\n<h2>Valosuunittelija<\/h2>\n<h3>Jaakko Sirainen<\/h3>\n<h2>\u00c4\u00e4nimestari<\/h2>\n<h3>Antti Puumalainen<\/h3>\n<\/div><\/div>\n<\/div>\n\n<div class=\"et_pb_column_9 et_pb_column et_pb_column_1_2 et-last-child et_block_column et_pb_css_mix_blend_mode_passthrough\">\n<div class=\"et_pb_text_6 et_pb_text et_pb_bg_layout_dark et_pb_module et_block_module preset--module--divi-text--default\"><div class=\"et_pb_text_inner\"><h2>Yhteistuotanto:<\/h2>\n<h3>Arctic Ensemble<\/h3>\n<h3>Kallo Kollective<\/h3>\n<\/div><\/div>\n\n\n<\/div>\n<\/div>\n<\/div>","protected":false},"excerpt":{"rendered":"","protected":false},"author":2,"featured_media":0,"parent":0,"menu_order":0,"comment_status":"closed","ping_status":"closed","template":"","meta":{"footnotes":""},"difl_page_category":[],"class_list":["post-246180","page","type-page","status-publish","hentry"],"_links":{"self":[{"href":"https:\/\/arcticensemble.com\/fi\/wp-json\/wp\/v2\/pages\/246180","targetHints":{"allow":["GET"]}}],"collection":[{"href":"https:\/\/arcticensemble.com\/fi\/wp-json\/wp\/v2\/pages"}],"about":[{"href":"https:\/\/arcticensemble.com\/fi\/wp-json\/wp\/v2\/types\/page"}],"author":[{"embeddable":true,"href":"https:\/\/arcticensemble.com\/fi\/wp-json\/wp\/v2\/users\/2"}],"replies":[{"embeddable":true,"href":"https:\/\/arcticensemble.com\/fi\/wp-json\/wp\/v2\/comments?post=246180"}],"version-history":[{"count":20,"href":"https:\/\/arcticensemble.com\/fi\/wp-json\/wp\/v2\/pages\/246180\/revisions"}],"predecessor-version":[{"id":246623,"href":"https:\/\/arcticensemble.com\/fi\/wp-json\/wp\/v2\/pages\/246180\/revisions\/246623"}],"wp:attachment":[{"href":"https:\/\/arcticensemble.com\/fi\/wp-json\/wp\/v2\/media?parent=246180"}],"wp:term":[{"taxonomy":"difl_page_category","embeddable":true,"href":"https:\/\/arcticensemble.com\/fi\/wp-json\/wp\/v2\/difl_page_category?post=246180"}],"curies":[{"name":"wp","href":"https:\/\/api.w.org\/{rel}","templated":true}]}}